{"id":130,"date":"2016-07-28T16:05:04","date_gmt":"2016-07-28T14:05:04","guid":{"rendered":"http:\/\/www.viltis.lt.plakis.serveriai.lt\/lt\/?page_id=130"},"modified":"2020-03-09T16:03:56","modified_gmt":"2020-03-09T14:03:56","slug":"remimas","status":"publish","type":"page","link":"http:\/\/www.viltis.lt\/lt\/_OLD\/remimas\/","title":{"rendered":"R\u0117mimas"},"content":{"rendered":"<pre><img loading=\"lazy\" class=\"aligncenter size-medium wp-image-115\" src=\"http:\/\/www.viltis.lt\/lt\/_OLD\/wp-content\/uploads\/2018\/04\/R%C4%97mimas1.jpg\" alt=\"Balionai!\" width=\"220\" height=\"146\" \/><\/pre>\n<hr \/>\n<p style=\"text-align: Justify;\">Surinkta parama bus skirta\u00a0finansi\u0161kai sunkiai besiver\u010dian\u010di\u0173 \u0161eim\u0173, auginan\u010di\u0173 sutrikusio intelekto asmenis, stovyklos kelialapiams padengti, u\u017eimtumo bei laisvalaikio, taip pat gydymo ir higienos priemon\u0117ms \u012fsigyti.<\/p>\n<p><!--more--><\/p>\n<p><b>Apie organizacij\u0105.<\/b> Visuomenin\u0117 organizacija \u2013 bendrija \u201eViltis\u201c \u2013 aktyvi valstybin\u0117s Ne\u012fgali\u0173j\u0173 socialin\u0117s integracijos programos vykdytoja. 53 asocijuotieji organizacijos nariai vienija vir\u0161 11 t\u016bkstan\u010di\u0173 sutrikusio intelekto \u017emoni\u0173, j\u0173 t\u0117v\u0173 ar glob\u0117j\u0173. \u012egyvendinami projektai ir teikiamos paslaugos skirtos ne tik bendrijos nariams, bet ir visos Lietuvos sutrikusios raidos \u017emon\u0117ms, j\u0173 \u0161eimoms bei glob\u0117jams. Bendrijos \u201cViltis\u201d vizija \u2013 b\u016bti pagrindiniu veiksniu, u\u017etikrinan\u010diu sutrikusio intelekto \u017emoni\u0173 lygiateis\u012f ir visavert\u012f dalyvavim\u0105 visuomen\u0117s gyvenime, atstovauti \u0161i\u0173 \u017emoni\u0173 ir j\u0173 \u0161eim\u0173 interesus visuose lygmenyse bei ginti j\u0173 pilietines,socialines ir \u017emogaus teises. Daugiau informacijos apie organizacij\u0105 ir vykdomas veiklas <a href=\"http:\/\/www.viltis.lt\"><strong> \u010dia<\/strong>.<\/a><\/p>\n<hr \/>\n<p style=\"text-align: center;\">\n","protected":false},"excerpt":{"rendered":"<p>Surinkta parama bus skirta\u00a0finansi\u0161kai sunkiai besiver\u010dian\u010di\u0173 \u0161eim\u0173, auginan\u010di\u0173 sutrikusio intelekto asmenis, stovyklos kelialapiams padengti, u\u017eimtumo bei laisvalaikio, taip pat gydymo ir higienos priemon\u0117ms \u012fsigyti.<\/p>\n","protected":false},"author":1,"featured_media":0,"parent":0,"menu_order":0,"comment_status":"closed","ping_status":"closed","template":"","meta":[],"_links":{"self":[{"href":"http:\/\/www.viltis.lt\/lt\/_OLD\/wp-json\/wp\/v2\/pages\/130"}],"collection":[{"href":"http:\/\/www.viltis.lt\/lt\/_OLD\/wp-json\/wp\/v2\/pages"}],"about":[{"href":"http:\/\/www.viltis.lt\/lt\/_OLD\/wp-json\/wp\/v2\/types\/page"}],"author":[{"embeddable":true,"href":"http:\/\/www.viltis.lt\/lt\/_OLD\/wp-json\/wp\/v2\/users\/1"}],"replies":[{"embeddable":true,"href":"http:\/\/www.viltis.lt\/lt\/_OLD\/wp-json\/wp\/v2\/comments?post=130"}],"version-history":[{"count":39,"href":"http:\/\/www.viltis.lt\/lt\/_OLD\/wp-json\/wp\/v2\/pages\/130\/revisions"}],"predecessor-version":[{"id":2048,"href":"http:\/\/www.viltis.lt\/lt\/_OLD\/wp-json\/wp\/v2\/pages\/130\/revisions\/2048"}],"wp:attachment":[{"href":"http:\/\/www.viltis.lt\/lt\/_OLD\/wp-json\/wp\/v2\/media?parent=130"}],"curies":[{"name":"wp","href":"https:\/\/api.w.org\/{rel}","templated":true}]}}