{"id":132,"date":"2016-07-28T16:06:10","date_gmt":"2016-07-28T14:06:10","guid":{"rendered":"http:\/\/www.viltis.lt.plakis.serveriai.lt\/lt\/?page_id=132"},"modified":"2021-11-15T23:43:12","modified_gmt":"2021-11-15T21:43:12","slug":"es-investicijos","status":"publish","type":"page","link":"http:\/\/www.viltis.lt\/lt\/_OLD\/es-investicijos\/","title":{"rendered":"ES investicijos"},"content":{"rendered":"\n<figure class=\"wp-block-image size-large is-resized is-style-default\"><img loading=\"lazy\" src=\"http:\/\/www.viltis.lt\/lt\/_OLD\/wp-content\/uploads\/2018\/03\/ESFIVP-I-1-1024x512.jpg\" alt=\"\" class=\"wp-image-655\" width=\"256\" height=\"128\" srcset=\"http:\/\/www.viltis.lt\/lt\/_OLD\/wp-content\/uploads\/2018\/03\/ESFIVP-I-1-1024x512.jpg 1024w, http:\/\/www.viltis.lt\/lt\/_OLD\/wp-content\/uploads\/2018\/03\/ESFIVP-I-1-300x150.jpg 300w, http:\/\/www.viltis.lt\/lt\/_OLD\/wp-content\/uploads\/2018\/03\/ESFIVP-I-1-768x384.jpg 768w\" sizes=\"(max-width: 256px) 100vw, 256px\" \/><\/figure>\n\n\n\n<hr class=\"wp-block-separator\"\/>\n\n\n<p style=\"text-align: justify;\">Bendruomenini\u0173 apgyvendinimo paslaug\u0173 asmenims su proto ir (arba) psichikos negalia pl\u0117tra Trak\u0173 rajone. Projekto tikslas: \u012fkurti grupinio gyvenimo namus teikiant apgyvendinimo paslaug\u0105 ir sudarant s\u0105lygas gauti individualius poreikius atitinkan\u010dius bendruomenines paslaugas proto ir\/ar psichin\u0119 negali\u0105 turintiems suagusiems asmenims.<\/p>\n\n\n<!--more-->\n\n\n<p style=\"text-align: justify;\">Projektas apims grupinio gyvenimo nam\u0173 statyb\u0105, adresu \u2013 Trak\u0173 r. sav., Lentvario m., Smilg\u0173 g. 2., kuriame gyvens iki 10 asmen\u0173 su pagalba. Gyvenamojoje teritorijoje numatoma statyti ma\u017eaauk\u0161t\u012f gyvenam\u0105j\u012f nam\u0105 pritaikant j\u012f \u012fprastiniam gyvenimui, sutvarkant, aptveriant ir apsodinant teritorij\u0105. Pabr\u0117\u017eiame, kad planuojama pastato paskirtis \u2013 gyvenamoji, t. y. bus statoma ne institucija, o namai suteikiantys negali\u0105 turintiems asmenims galimyb\u0119 integraliai gyventi kasdienin\u012f gyvenim\u0105 bendruomen\u0117je.<\/p>\n<p><\/p>\n\n\n<figure class=\"wp-block-image size-large is-style-default\"><img loading=\"lazy\" width=\"925\" height=\"440\" src=\"http:\/\/www.viltis.lt\/lt\/_OLD\/wp-content\/uploads\/2020\/12\/partneriai.png\" alt=\"\" class=\"wp-image-2078\" srcset=\"http:\/\/www.viltis.lt\/lt\/_OLD\/wp-content\/uploads\/2020\/12\/partneriai.png 925w, http:\/\/www.viltis.lt\/lt\/_OLD\/wp-content\/uploads\/2020\/12\/partneriai-300x143.png 300w, http:\/\/www.viltis.lt\/lt\/_OLD\/wp-content\/uploads\/2020\/12\/partneriai-768x365.png 768w\" sizes=\"(max-width: 925px) 100vw, 925px\" \/><\/figure>\n\n\n\n<p class=\"has-medium-font-size\">Projekto naujienos:<\/p>\n\n\n\n<p><strong>2021-05-20<\/strong> pasira\u0161yta statybos techninio projekto parengimo, statyb\u0105 leid\u017eian\u010dio dokumento gavimo ir  statinio projekto vykdymo prie\u017ei\u016bros paslaug\u0173 sutartis su UAB \u201ePA Group\u201c. <\/p>\n\n\n\n<p><strong>2021-03-31<\/strong> paskelbtas gyvenamosios paskirties (vieno buto) pastato (6.4.), Smilg\u0173 g. 2, Lentvaryje, Trak\u0173 raj. sav. statybos techninio projekto parengimo, statyb\u0105 leid\u017eian\u010dio dokumento gavimo ir statinio projekto vykdymo prie\u017ei\u016bros paslaug\u0173 pirkimas. <a href=\"http:\/\/www.viltis.lt\/lt\/_OLD\/projekto-naujienos\/\" target=\"_blank\" rel=\"noreferrer noopener\">Skaityti daugiau<\/a>.<\/p>\n\n\n\n<p><\/p>\n","protected":false},"excerpt":{"rendered":"<p>Bendruomenini\u0173 apgyvendinimo paslaug\u0173 asmenims su proto ir (arba) psichikos negalia pl\u0117tra Trak\u0173 rajone. Projekto tikslas: \u012fkurti grupinio gyvenimo namus teikiant apgyvendinimo paslaug\u0105 ir sudarant s\u0105lygas gauti individualius poreikius atitinkan\u010dius bendruomenines paslaugas proto ir\/ar psichin\u0119 negali\u0105 turintiems suagusiems asmenims.<\/p>\n","protected":false},"author":1,"featured_media":0,"parent":0,"menu_order":0,"comment_status":"closed","ping_status":"closed","template":"","meta":[],"_links":{"self":[{"href":"http:\/\/www.viltis.lt\/lt\/_OLD\/wp-json\/wp\/v2\/pages\/132"}],"collection":[{"href":"http:\/\/www.viltis.lt\/lt\/_OLD\/wp-json\/wp\/v2\/pages"}],"about":[{"href":"http:\/\/www.viltis.lt\/lt\/_OLD\/wp-json\/wp\/v2\/types\/page"}],"author":[{"embeddable":true,"href":"http:\/\/www.viltis.lt\/lt\/_OLD\/wp-json\/wp\/v2\/users\/1"}],"replies":[{"embeddable":true,"href":"http:\/\/www.viltis.lt\/lt\/_OLD\/wp-json\/wp\/v2\/comments?post=132"}],"version-history":[{"count":118,"href":"http:\/\/www.viltis.lt\/lt\/_OLD\/wp-json\/wp\/v2\/pages\/132\/revisions"}],"predecessor-version":[{"id":2408,"href":"http:\/\/www.viltis.lt\/lt\/_OLD\/wp-json\/wp\/v2\/pages\/132\/revisions\/2408"}],"wp:attachment":[{"href":"http:\/\/www.viltis.lt\/lt\/_OLD\/wp-json\/wp\/v2\/media?parent=132"}],"curies":[{"name":"wp","href":"https:\/\/api.w.org\/{rel}","templated":true}]}}