{"id":134,"date":"2016-07-28T16:07:04","date_gmt":"2016-07-28T14:07:04","guid":{"rendered":"http:\/\/www.viltis.lt.plakis.serveriai.lt\/lt\/?page_id=134"},"modified":"2021-04-07T14:53:59","modified_gmt":"2021-04-07T12:53:59","slug":"savanoryste","status":"publish","type":"page","link":"http:\/\/www.viltis.lt\/lt\/_OLD\/savanoryste\/","title":{"rendered":"Savanoryst\u0117"},"content":{"rendered":"\n<pre><img loading=\"lazy\" class=\"aligncenter size-medium wp-image-115\" src=\"http:\/\/www.viltis.lt\/lt\/_OLD\/wp-content\/uploads\/2018\/04\/tapk-sanaoriu1.jpg\" width=\"220\" height=\"146\"><\/pre>\n<hr>\n\n\n<p style=\"text-align: Justify;\">2021 metais Bendrija \u201eViltis\u201c kvie\u010dia visus geros valios \u017emones savo id\u0117jomis, \u012fsitraukimu, konkre\u010diais darbais prisid\u0117ti prie organizacijoje vykdym\u0173 veikl\u0173. B\u016bk savanoris &#8211; keisk pasaul\u012f!<\/p>\n\n\n<!--more-->\n\n\n\n<p class=\"has-black-color has-text-color has-medium-font-size\">Savanoryst\u0117 galima \u0161iose veiklose:<\/p>\n\n\n\n<div class=\"wp-block-columns\">\n<div class=\"wp-block-column\" style=\"flex-basis:100%\">\n<div class=\"wp-block-group\"><div class=\"wp-block-group__inner-container\">\n<ul class=\"has-black-color has-text-color has-medium-font-size\"><li>Bendruomenin\u0117 draugyst\u0117s ir kaimynyst\u0117s \u0161vent\u0117 \u201eDraugyst\u0117s tiltai apleistuose praeities kiemuose\u201c,\u00a0 planuojama gegu\u017e\u0117s m\u0117n., Vilnius, Kareivi\u0173 2C;<\/li><li>Stovykla sutrikusio intelekto asmenims ir j\u0173 \u0161eimoms, liepos 12 &#8211; 21d. (stovyklaviet\u0117 \u201ePasaka\u201c, Giruliai, Kukuli\u0161ki\u0173\u00a0 km. Klaip\u0117dos rajonas);<\/li><li>Savanoryst\u0117 bendrauujant su ne\u012fgaliaisiais ir j\u0173 \u0161eimos nariais pagal J\u016bs\u0173 galimybes;<\/li><li>Savanoryst\u0117- draugyst\u0117, bendravimas.<\/li><\/ul>\n\n\n\n<p><em><strong>Savanori\u0173 atsiliepimai:<\/strong><\/em><\/p>\n\n\n\n<ul class=\"has-medium-font-size\"><li>\u201eGavusi pasi\u016blym\u0105 savanoriauti ,,Vilties\u201c stovykloje ilgai galvojau ar sugeb\u0117siu, ar verta.. Bet dabar galiu dr\u0105siai teigti &#8211; buvo tikrai verta! Tos dvi vasaros stovykloje buvo pa\u010dios geriausios ir \u012fsimintiniausios. Tiek nuo\u0161ird\u017eiai besi\u0161ypsan\u010di\u0173 ir viskuo besid\u017eiaugian\u010di\u0173 \u017emoni\u0173 vienoje vietoje neteko sutikti. Kart\u0105 pabuvus ,,Pasakoje\u201c \u012f j\u0105 norisi gr\u012f\u017eti v\u0117l ir v\u0117l:))\u201c &#8211; Vilma J.<\/li><li>\u201eViskas prasid\u0117jo nuo nekalto pasi\u016blymo vasar\u0105 i\u0161va\u017eiuoti \u012f stovykl\u0105 prie j\u016bros. Susigund\u017eiau. Dabar jau galiu pripa\u017einti priklausomyb\u0119 Vilties stovyklai ir nuo jos tikrai nesigydysiu. Taigi, dar kart\u0105, nuo pirmos savo Vilties stovyklos gyvenu iki kitos ir taip treti metai. Pad\u0117kos Tadui u\u017e sugundym\u0105.\u201c &#8211; R\u016bta K.<\/li><li>\u201eVilties stovykla &#8211; u\u017ekratas, nuo kurio nesinori gydytis. \u201eIn short\u201c &#8211; kart\u0105 paragav\u0119s &#8211; negali sustot&#8230;\u201c &#8211; Tadas M.<\/li><li>\u201eKart\u0105 paband\u0119s \u2013 negali sustoti. Taip nutiko ir man, nebe\u012fsivaizduoju savo vasaros be ,,Vilties\u2019\u2019 stovyklos\u201c \u2013 N.<\/li><li>\u201eManau stovykla \u201ePasakoje\u201c suteikia vilt\u012f kiekvienam savanoriui, mes galime tapti geresni, \u017emoni\u0161kesni ir atviresni sau ir visiems kitiems. Gal daugumai atrodo, jog \u201ePasakoje\u201c sunku ir nelengva, bet visk\u0105 atperka vaiku\u010di\u0173 ir j\u0173 t\u0117v\u0173 \u0161ypsenos ir gera nuotaika. Rodos, kad stovyklos laikas ir gan\u0117tinai trumpas, bet per j\u012f sp\u0117ji prisiri\u0161ti prie vaiku\u010di\u0173 ir b\u016bna tikrai sunku su jais atsisveikinti. Visad t\u0117vai sako, jog mes jiems padar\u0117me labai daug, bet tai yra tik la\u0161as j\u016broje k\u0105 jie daro kiekviena dien\u0105. Tikiuosi jog man ir toliau pavyks dalyvauti \u201eVilties\u201c stovyklose ir toliau prisid\u0117ti prie vis\u0173 t\u0173 \u0161ypsen\u0173 ir geros nuotaikos\u201c &#8211; Simonas K.<\/li><li>\u201eLabai trumpai, bet ir labai daug k\u0105 apiman\u010diai. \u201eTai yra gryno oro \u012fkvepimas tiems kuriems jo reikia\u201c &#8211; Prano mintys apie savanoryst\u0119\u201c \u2013 Pranas.<\/li><li>\u201eNepakartojamos gyvenimo akimirkos, \u012fkvepian\u010dios labiau myl\u0117ti, kurti, suprasti \u2013 gyventi\u201c&#8230;N.<\/li><\/ul>\n\n\n\n<p class=\"has-black-color has-text-color has-medium-font-size\">Norite tapti savanoriu? Jums reikia u\u017epildyti anket\u0105 ir i\u0161si\u0173sti j\u0105 el. pa\u0161tu teisininkas@viltis.lt<\/p>\n\n\n<p class=\"has-text-align-center has-small-font-size\"><a href='http:\/\/www.viltis.lt\/lt\/_OLD\/wp-content\/uploads\/2021\/04\/Savanoriu-anketos_2021.doc' class='small-button smallsilver'>Savanorio anketa<\/a><\/p>\n<\/div><\/div>\n\n\n\n<p><\/p>\n<\/div>\n<\/div>\n","protected":false},"excerpt":{"rendered":"<p>2021 metais Bendrija \u201eViltis\u201c kvie\u010dia visus geros valios \u017emones savo id\u0117jomis, \u012fsitraukimu, konkre\u010diais darbais prisid\u0117ti prie organizacijoje vykdym\u0173 veikl\u0173. B\u016bk savanoris &#8211; keisk pasaul\u012f!<\/p>\n","protected":false},"author":1,"featured_media":0,"parent":0,"menu_order":0,"comment_status":"closed","ping_status":"closed","template":"","meta":[],"_links":{"self":[{"href":"http:\/\/www.viltis.lt\/lt\/_OLD\/wp-json\/wp\/v2\/pages\/134"}],"collection":[{"href":"http:\/\/www.viltis.lt\/lt\/_OLD\/wp-json\/wp\/v2\/pages"}],"about":[{"href":"http:\/\/www.viltis.lt\/lt\/_OLD\/wp-json\/wp\/v2\/types\/page"}],"author":[{"embeddable":true,"href":"http:\/\/www.viltis.lt\/lt\/_OLD\/wp-json\/wp\/v2\/users\/1"}],"replies":[{"embeddable":true,"href":"http:\/\/www.viltis.lt\/lt\/_OLD\/wp-json\/wp\/v2\/comments?post=134"}],"version-history":[{"count":33,"href":"http:\/\/www.viltis.lt\/lt\/_OLD\/wp-json\/wp\/v2\/pages\/134\/revisions"}],"predecessor-version":[{"id":2211,"href":"http:\/\/www.viltis.lt\/lt\/_OLD\/wp-json\/wp\/v2\/pages\/134\/revisions\/2211"}],"wp:attachment":[{"href":"http:\/\/www.viltis.lt\/lt\/_OLD\/wp-json\/wp\/v2\/media?parent=134"}],"curies":[{"name":"wp","href":"https:\/\/api.w.org\/{rel}","templated":true}]}}