{"id":1363,"date":"2019-10-28T10:38:21","date_gmt":"2019-10-28T08:38:21","guid":{"rendered":"http:\/\/www.viltis.lt\/lt\/_OLD\/?page_id=1363"},"modified":"2020-10-01T10:08:50","modified_gmt":"2020-10-01T08:08:50","slug":"popamokinis-uzimtumas","status":"publish","type":"page","link":"http:\/\/www.viltis.lt\/lt\/_OLD\/http-www-viltis-lt-lt-es-investicijos-popamokinis-uzimtumas\/popamokinis-uzimtumas\/","title":{"rendered":"Popamokinis u\u017eimtumas"},"content":{"rendered":"\n<p class=\"has-text-align-center has-medium-font-size\"><p style=\"text-align:justify\" class=\"has-medium-font-size\">Pagal 2014-2020 met\u0173 Europos s\u0105jungos fond\u0173 investicij\u0173 veiksm\u0173 programos 8 prioriteto \u201eSocialin\u0117s \u012ftraukties didinimas ir kova su skurdu\u201c Nr.08.6.1-ESFA-T-927 priemon\u0119 \u201eSpartesnis vietos pl\u0117tros strategij\u0173 \u012fgyvendinimas\u201c V\u0160\u012e \u201eInformacijos kaupimo ir sklaidos centras\u201c vykdo projekt\u0105<strong> \u201eProto negali\u0105 turin\u010di\u0173 vaik\u0173 popamokinio u\u017eimtumo organizavimas, sudarant s\u0105lygas \u0161eimos nariams gr\u012f\u017eti \u012f darbo rink\u0105\u201c.<\/strong><\/p><\/p>\n\n\n\n<p>Projekto tikslas \u2013 organizuoti ne\u012fgali\u0173j\u0173 &nbsp;vaik\u0173 u\u017eimtum\u0105 po pamok\u0173, sudarant galimybes \u0161eimos nariams gr\u012f\u017eti \u012f darbo rink\u0105.<\/p>\n\n\n\n<p>V\u0160\u012e \u201eIKSC\u201c organizuoja ne\u012fgali\u0173j\u0173 vaik\u0173 (7-18 m.) popamokin\u012f u\u017eimtum\u0105 nuo 13 val. iki&nbsp;17 val., moksleivi\u0173 atostog\u0173 metu organizuojamos Dienos stovyklos (nuo 9 val. iki 17 val.). Vaikams teikiamos paslaugos pagal poreikius, o t\u0117vai turi daugiau galimybi\u0173 gr\u012f\u017eti \u012f darbo rink\u0105 arba pagerinti savo pad\u0117t\u012f joje.<\/p>\n\n\n\n<p>Projekto prad\u017eia: 2019-06-10. <\/p>\n\n\n\n<p>Projekto pabaiga: 2020-08-20 <\/p>\n\n\n\n<p><\/p>\n\n\n\n<p><\/p>\n\n\n\n<p><\/p>\n","protected":false},"excerpt":{"rendered":"<p>Pagal 2014-2020 met\u0173 Europos s\u0105jungos fond\u0173 investicij\u0173 veiksm\u0173 programos 8 prioriteto \u201eSocialin\u0117s \u012ftraukties didinimas ir kova su skurdu\u201c Nr.08.6.1-ESFA-T-927 priemon\u0119 \u201eSpartesnis vietos pl\u0117tros strategij\u0173 \u012fgyvendinimas\u201c V\u0160\u012e \u201eInformacijos kaupimo ir sklaidos centras\u201c vykdo projekt\u0105 \u201eProto negali\u0105 turin\u010di\u0173 vaik\u0173 popamokinio u\u017eimtumo organizavimas, sudarant s\u0105lygas \u0161eimos nariams gr\u012f\u017eti \u012f darbo rink\u0105\u201c. Projekto tikslas \u2013 organizuoti ne\u012fgali\u0173j\u0173 &nbsp;vaik\u0173 u\u017eimtum\u0105 [&hellip;]<\/p>\n","protected":false},"author":2,"featured_media":0,"parent":29,"menu_order":0,"comment_status":"closed","ping_status":"closed","template":"","meta":[],"_links":{"self":[{"href":"http:\/\/www.viltis.lt\/lt\/_OLD\/wp-json\/wp\/v2\/pages\/1363"}],"collection":[{"href":"http:\/\/www.viltis.lt\/lt\/_OLD\/wp-json\/wp\/v2\/pages"}],"about":[{"href":"http:\/\/www.viltis.lt\/lt\/_OLD\/wp-json\/wp\/v2\/types\/page"}],"author":[{"embeddable":true,"href":"http:\/\/www.viltis.lt\/lt\/_OLD\/wp-json\/wp\/v2\/users\/2"}],"replies":[{"embeddable":true,"href":"http:\/\/www.viltis.lt\/lt\/_OLD\/wp-json\/wp\/v2\/comments?post=1363"}],"version-history":[{"count":4,"href":"http:\/\/www.viltis.lt\/lt\/_OLD\/wp-json\/wp\/v2\/pages\/1363\/revisions"}],"predecessor-version":[{"id":1906,"href":"http:\/\/www.viltis.lt\/lt\/_OLD\/wp-json\/wp\/v2\/pages\/1363\/revisions\/1906"}],"up":[{"embeddable":true,"href":"http:\/\/www.viltis.lt\/lt\/_OLD\/wp-json\/wp\/v2\/pages\/29"}],"wp:attachment":[{"href":"http:\/\/www.viltis.lt\/lt\/_OLD\/wp-json\/wp\/v2\/media?parent=1363"}],"curies":[{"name":"wp","href":"https:\/\/api.w.org\/{rel}","templated":true}]}}