{"id":19,"date":"2016-07-11T07:58:17","date_gmt":"2016-07-11T05:58:17","guid":{"rendered":"http:\/\/www.viltis.lt.plakis.serveriai.lt\/lt\/?page_id=19"},"modified":"2020-10-02T09:07:14","modified_gmt":"2020-10-02T07:07:14","slug":"asociacijos-nariai","status":"publish","type":"page","link":"http:\/\/www.viltis.lt\/lt\/_OLD\/apie-mus\/asociacijos-nariai\/","title":{"rendered":"Asociacijos nariai"},"content":{"rendered":"\n<p class=\"has-medium-font-size\"><strong>Juridiniai asmenys<\/strong><br><strong>\n<table id=\"tablepress-3\" class=\"tablepress tablepress-id-3\" aria-describedby=\"tablepress-3-description\">\n<thead>\n<tr class=\"row-1 odd\">\n\t<th class=\"column-1\">Nr.<\/th><th class=\"column-2\">Vietov\u0117<\/th><th class=\"column-3\">Pirmininko vardas, pavard\u0117<\/th><th class=\"column-4\">Telefonas<\/th><th class=\"column-5\">El. pa\u0161to adresas<\/th><th class=\"column-6\">Asocijuoto nario pavadinimas<\/th>\n<\/tr>\n<\/thead>\n<tbody class=\"row-hover\">\n<tr class=\"row-2 even\">\n\t<td class=\"column-1\">1<\/td><td class=\"column-2\">Akmen\u0117<br \/>\n<\/td><td class=\"column-3\">Danut\u0117 Jurevi\u010dien\u0117<\/td><td class=\"column-4\">867043089<\/td><td class=\"column-5\">danutelejureviciene@gmail.com<br \/>\n<br \/>\n<\/td><td class=\"column-6\">Sutrikusio intelekto \u017emoni\u0173 globos bendrija \u201cAkmen\u0117s Viltis\u201d<\/td>\n<\/tr>\n<tr class=\"row-3 odd\">\n\t<td class=\"column-1\">2<\/td><td class=\"column-2\">Alytaus raj.<\/td><td class=\"column-3\">Danut\u0117 Laukaitien\u0117<\/td><td class=\"column-4\">861473307<\/td><td class=\"column-5\">danute.laukaitiene@gmail.com<\/td><td class=\"column-6\">Lietuvos sutrikusio intelekto \u017emoni\u0173 globos bendrijos \u201cViltis\u201d  Alytaus rajono padalinys<\/td>\n<\/tr>\n<tr class=\"row-4 even\">\n\t<td class=\"column-1\">3<\/td><td class=\"column-2\">Anyk\u0161\u010diai<\/td><td class=\"column-3\">Asta Uselien\u0117 <\/td><td class=\"column-4\">867199695<\/td><td class=\"column-5\">strele11@gmail.com<\/td><td class=\"column-6\">Sutrikusio intelekto \u017emoni\u0173 globos bendrija \u201cAnyk\u0161\u010di\u0173 Viltis\u201d<\/td>\n<\/tr>\n<tr class=\"row-5 odd\">\n\t<td class=\"column-1\">4<\/td><td class=\"column-2\">Bir\u017eai <\/td><td class=\"column-3\">Virginija Kazlauskien\u0117<\/td><td class=\"column-4\">868438828<\/td><td class=\"column-5\">vkazlauskiene@gmail.com<\/td><td class=\"column-6\">Sutrikusio intelekto \u017emoni\u0173 globos bendrija \u201cBir\u017e\u0173 Viltis\u201d<\/td>\n<\/tr>\n<tr class=\"row-6 even\">\n\t<td class=\"column-1\">5<\/td><td class=\"column-2\">Druskininkai<\/td><td class=\"column-3\">Loreta Sadauskien\u0117                                     <\/td><td class=\"column-4\">862176457<\/td><td class=\"column-5\">drusk.viltis@gmail.com<\/td><td class=\"column-6\">Sutrikusio intelekto \u017emoni\u0173 globos bendrija \u201cDruskinink\u0173 viltis\u201d<\/td>\n<\/tr>\n<tr class=\"row-7 odd\">\n\t<td class=\"column-1\">6<\/td><td class=\"column-2\">Druskininkai <\/td><td class=\"column-3\">Lilija Sereikien\u0117<\/td><td class=\"column-4\">867251118<\/td><td class=\"column-5\">drs.duc@gmail.com<\/td><td class=\"column-6\">Druskinink\u0173 \u0161eimos paramos centras<\/td>\n<\/tr>\n<tr class=\"row-8 even\">\n\t<td class=\"column-1\">7<\/td><td class=\"column-2\">Elektr\u0117nai<\/td><td class=\"column-3\">Birut\u0117 Vaitkevi\u010dien\u0117<\/td><td class=\"column-4\">860173868<\/td><td class=\"column-5\">pstelektrenai@gmail.com<\/td><td class=\"column-6\">Sutrikusio intelekto \u017emoni\u0173 globos bendrija \u201cElektr\u0117n\u0173  Viltis\u201d<\/td>\n<\/tr>\n<tr class=\"row-9 odd\">\n\t<td class=\"column-1\">8<\/td><td class=\"column-2\">Ignalina<\/td><td class=\"column-3\">Jurina Paslauskien\u0117                         <\/td><td class=\"column-4\">867811933<\/td><td class=\"column-5\">jurinapas@hotmail.com<\/td><td class=\"column-6\">Sutrikusio intelekto \u017emoni\u0173 globos bendrija \u201cIgnalinos Viltis\u201d<\/td>\n<\/tr>\n<tr class=\"row-10 even\">\n\t<td class=\"column-1\">9<\/td><td class=\"column-2\">Jonava<\/td><td class=\"column-3\">Olga Traskauskien\u0117 <\/td><td class=\"column-4\">860537686<\/td><td class=\"column-5\">jonavosviltis@gmail.com<\/td><td class=\"column-6\">Sutrikusio intelekto \u017emoni\u0173 globos bendrija \u201cJonavos viltis\u201d<\/td>\n<\/tr>\n<tr class=\"row-11 odd\">\n\t<td class=\"column-1\">10<\/td><td class=\"column-2\">Joni\u0161kis<\/td><td class=\"column-3\">Audron\u0117 Bredien\u0117<\/td><td class=\"column-4\">861591395<\/td><td class=\"column-5\">audrone.brediene@gmail.com; info@jonpsc.lt<\/td><td class=\"column-6\">Sutrikusio intelekto \u017emoni\u0173 globos bendrija \u201cJoni\u0161kio Viltis\u201d<\/td>\n<\/tr>\n<tr class=\"row-12 even\">\n\t<td class=\"column-1\">11<\/td><td class=\"column-2\">Jurbarkas<\/td><td class=\"column-3\">Regina Andriu\u0161kien\u0117  <\/td><td class=\"column-4\">868558734<\/td><td class=\"column-5\">jurbarkoviltis@gmail.com<\/td><td class=\"column-6\">Sutrikusio intelekto \u017emoni\u0173 globos bendrija \u201cJurbarko viltis\u201d<\/td>\n<\/tr>\n<tr class=\"row-13 odd\">\n\t<td class=\"column-1\">12<\/td><td class=\"column-2\">Kalvarija<\/td><td class=\"column-3\">Janina Augulevi\u010dien\u0117<\/td><td class=\"column-4\">861045267<\/td><td class=\"column-5\">janina.viltis@gmail.com<\/td><td class=\"column-6\">Sutrikusio intelekto \u017emoni\u0173 globos bendrija  \u201cKalvarijos  Viltis\u201d <\/td>\n<\/tr>\n<tr class=\"row-14 even\">\n\t<td class=\"column-1\">13<\/td><td class=\"column-2\">Kaunas<\/td><td class=\"column-3\">Agn\u0117 Baronait\u0117<\/td><td class=\"column-4\">862162518<\/td><td class=\"column-5\">Kaunoviltis@gmail.com<\/td><td class=\"column-6\">Sutrikusio intelekto \u017emoni\u0173 globos bendrija \u201cKauno viltis\u201d<\/td>\n<\/tr>\n<tr class=\"row-15 odd\">\n\t<td class=\"column-1\">14<\/td><td class=\"column-2\">Kazl\u0173 R\u016bdos<\/td><td class=\"column-3\">Sigitas Onutis<\/td><td class=\"column-4\">865654601<\/td><td class=\"column-5\">sigutis1962@gmail.com<br \/>\n <br \/>\n<\/td><td class=\"column-6\">Sutrikusio intelekto \u017emoni\u0173 globos bendrija \u201cKazl\u0173 R\u016bdos Viltis\u201d   <\/td>\n<\/tr>\n<tr class=\"row-16 even\">\n\t<td class=\"column-1\">15<\/td><td class=\"column-2\">Kelm\u0117 <\/td><td class=\"column-3\">Veikla apmirusi<\/td><td class=\"column-4\"><\/td><td class=\"column-5\"><\/td><td class=\"column-6\">Sutrikusio intelekto \u017emoni\u0173 globos bendrijos \u201cKelm\u0117s Viltis\u201d <\/td>\n<\/tr>\n<tr class=\"row-17 odd\">\n\t<td class=\"column-1\">16<\/td><td class=\"column-2\">K\u0117dainiai<\/td><td class=\"column-3\">Asta Rek\u0161tien\u0117 <\/td><td class=\"column-4\">861817169<\/td><td class=\"column-5\">rekstiene.asta@gmail.com<\/td><td class=\"column-6\">Sutrikusio intelekto \u017emoni\u0173 globos bendrijos \u201cK\u0117daini\u0173 viltis\u201d <\/td>\n<\/tr>\n<tr class=\"row-18 even\">\n\t<td class=\"column-1\">17<\/td><td class=\"column-2\">Klaip\u0117da<\/td><td class=\"column-3\">Janina Tulabien\u0117<\/td><td class=\"column-4\">865201351<\/td><td class=\"column-5\">janina.tulabiene@gmail.com; klaipviltis@gmail.com<\/td><td class=\"column-6\">Lietuvos sutrikusio intelekto \u017emoni\u0173 globos bendrija \u201eKlaip\u0117dos viltis\u201d<\/td>\n<\/tr>\n<tr class=\"row-19 odd\">\n\t<td class=\"column-1\">18<\/td><td class=\"column-2\">Klaip\u0117dos r.<br \/>\nGarg\u017edai<br \/>\n<\/td><td class=\"column-3\">Dovil\u0117 Savickien\u0117                                   <\/td><td class=\"column-4\">860111888<\/td><td class=\"column-5\">dovilean@gmail.com<\/td><td class=\"column-6\">Sutrikusio intelekto \u017emoni\u0173 globos bendrija \u201cGarg\u017ed\u0173 viltis\u201d <\/td>\n<\/tr>\n<tr class=\"row-20 even\">\n\t<td class=\"column-1\">19<\/td><td class=\"column-2\">Kretinga<\/td><td class=\"column-3\">Sigut\u0117 Bendikien\u0117<\/td><td class=\"column-4\">860019481<\/td><td class=\"column-5\">kretingosviltis@gmail.com<\/td><td class=\"column-6\">Sutrikusio intelekto \u017emoni\u0173 globos bendrija \u201cKretingos viltis\u201d <\/td>\n<\/tr>\n<tr class=\"row-21 odd\">\n\t<td class=\"column-1\">20<\/td><td class=\"column-2\">Kupi\u0161kis<\/td><td class=\"column-3\">Daiva Tviskuvien\u0117<\/td><td class=\"column-4\">861433857<\/td><td class=\"column-5\">daivatviskuvien\u0117@gmail.com<\/td><td class=\"column-6\">Sutrikusio intelekto \u017emoni\u0173 globos bendrija \u201cKupi\u0161kio viltis\u201d <\/td>\n<\/tr>\n<tr class=\"row-22 even\">\n\t<td class=\"column-1\">21<\/td><td class=\"column-2\">Lazdijai<\/td><td class=\"column-3\">Rasa Banevi\u010dien\u0117<\/td><td class=\"column-4\">868724536<\/td><td class=\"column-5\">viltislazdijai@gmail.com; rasabane@gmail.com<\/td><td class=\"column-6\">Lietuvos sutrikusio intelekto \u017emoni\u0173 globos bendrijos \u201cViltis\u201d  Lazdij\u0173 padalinys<\/td>\n<\/tr>\n<tr class=\"row-23 odd\">\n\t<td class=\"column-1\">22<\/td><td class=\"column-2\">Marijampol\u0117<\/td><td class=\"column-3\">Marija Ra\u017einskien\u0117<\/td><td class=\"column-4\">869003253<\/td><td class=\"column-5\">viltis.marijampole@gmail.com<\/td><td class=\"column-6\">Lietuvos sutrikusio intelekto \u017emoni\u0173 globos bendrijos \u201cViltis\u201d  Marijampol\u0117s padalinys<\/td>\n<\/tr>\n<tr class=\"row-24 even\">\n\t<td class=\"column-1\">23<\/td><td class=\"column-2\">Ma\u017eeikiai<\/td><td class=\"column-3\">Virginija Venalien\u0117<\/td><td class=\"column-4\">861458577<\/td><td class=\"column-5\">viltis@mzk.lt<\/td><td class=\"column-6\">Sutrikusio intelekto \u017emoni\u0173 globos bendrija \u201cMa\u017eeiki\u0173 Viltis\u201d <\/td>\n<\/tr>\n<tr class=\"row-25 odd\">\n\t<td class=\"column-1\">24<\/td><td class=\"column-2\">Mol\u0117tai<\/td><td class=\"column-3\">Irina Guobien\u0117 <\/td><td class=\"column-4\">861537266<\/td><td class=\"column-5\">viltismoletai@gmail.com<\/td><td class=\"column-6\">Sutrikusio intelekto \u017emoni\u0173 globos bendrija \u201cMol\u0117t\u0173 viltis\u201d<\/td>\n<\/tr>\n<tr class=\"row-26 even\">\n\t<td class=\"column-1\">25<\/td><td class=\"column-2\">Pakruojis<\/td><td class=\"column-3\">Nijol\u0117 \u017di\u016bkien\u0117<\/td><td class=\"column-4\">868213427<\/td><td class=\"column-5\">ziukienee@gmail.com<\/td><td class=\"column-6\">Sutrikusio intelekto \u017emoni\u0173 globos bendrija \u201cPakruojo  viltis\u201d <\/td>\n<\/tr>\n<tr class=\"row-27 odd\">\n\t<td class=\"column-1\">26<\/td><td class=\"column-2\">Palanga<\/td><td class=\"column-3\">Laima Lekavi\u010dien\u0117<\/td><td class=\"column-4\">868794207<\/td><td class=\"column-5\">laima.pastas@gmail.com<\/td><td class=\"column-6\">Sutrikusio intelekto \u017emoni\u0173 globos bendrija  \u201cPalangos viltis\u201d<\/td>\n<\/tr>\n<tr class=\"row-28 even\">\n\t<td class=\"column-1\">27<\/td><td class=\"column-2\">Panev\u0117\u017eys<\/td><td class=\"column-3\">Rasa Remeikien\u0117<\/td><td class=\"column-4\">861739099<\/td><td class=\"column-5\">panevezio.viltis@gmail.com<br \/>\n<\/td><td class=\"column-6\">Sutrikusio intelekto \u017emoni\u0173 globos bendrija  \u201cPanev\u0117\u017eio viltis\u201d<\/td>\n<\/tr>\n<tr class=\"row-29 odd\">\n\t<td class=\"column-1\">28<\/td><td class=\"column-2\">Panev\u0117\u017eys<\/td><td class=\"column-3\">Laima Bir\u017eietien\u0117<\/td><td class=\"column-4\">845552551<\/td><td class=\"column-5\">pan.viltiesnamai@gmail.com<\/td><td class=\"column-6\">V\u0161\u012e \"Vilties namai\"<\/td>\n<\/tr>\n<tr class=\"row-30 even\">\n\t<td class=\"column-1\">29<\/td><td class=\"column-2\">Pasvalys<\/td><td class=\"column-3\"><\/td><td class=\"column-4\"><\/td><td class=\"column-5\"><\/td><td class=\"column-6\">Lietuvos sutrikusio intelekto \u017emoni\u0173 globos bendrijos \u201cViltis\u201d  Pasvalio padalinys<\/td>\n<\/tr>\n<tr class=\"row-31 odd\">\n\t<td class=\"column-1\">30<\/td><td class=\"column-2\">Plung\u0117<\/td><td class=\"column-3\">Romualda \u0160imkuvien\u0117<\/td><td class=\"column-4\">860405434<\/td><td class=\"column-5\">plungesviltis@gmail.com <\/td><td class=\"column-6\">Sutrikusio intelekto \u017emoni\u0173 globos bendrija  \u201cPlung\u0117s Viltis\u201d <\/td>\n<\/tr>\n<tr class=\"row-32 even\">\n\t<td class=\"column-1\">31<\/td><td class=\"column-2\">Prienai<\/td><td class=\"column-3\">Veikla apmirusi<\/td><td class=\"column-4\"><\/td><td class=\"column-5\"><\/td><td class=\"column-6\">Lietuvos sutrikusio intelekto \u017emoni\u0173 globos bendrijos \u201cViltis\u201d  Prien\u0173 rajono skyrius<\/td>\n<\/tr>\n<tr class=\"row-33 odd\">\n\t<td class=\"column-1\">32<\/td><td class=\"column-2\">Radvili\u0161kis<\/td><td class=\"column-3\">Danut\u0117 Janu\u0161auskien\u0117                    <\/td><td class=\"column-4\">862083248<\/td><td class=\"column-5\">danute.janusauskiene@gmail.com<\/td><td class=\"column-6\">Sutrikusio intelekto \u017emoni\u0173 globos bendrija \u201cRadvili\u0161kio Viltis\u201d<\/td>\n<\/tr>\n<tr class=\"row-34 even\">\n\t<td class=\"column-1\">33<\/td><td class=\"column-2\">Raseiniai<\/td><td class=\"column-3\">Sigita \u0160idlauskien\u0117<\/td><td class=\"column-4\">861590745<\/td><td class=\"column-5\">sigita.sidlauskiene@gmail.com<\/td><td class=\"column-6\">Sutrikusio intelekto \u017emoni\u0173 globos bendrija \u201cRaseini\u0173 viltis\u201d<\/td>\n<\/tr>\n<tr class=\"row-35 odd\">\n\t<td class=\"column-1\">34<\/td><td class=\"column-2\">Rietavas<\/td><td class=\"column-3\">Ang\u0117l\u0117 Arien\u0117<\/td><td class=\"column-4\">861672602<\/td><td class=\"column-5\">angele.ariene@gmail.com<\/td><td class=\"column-6\">Sutrikusio intelekto \u017emoni\u0173 globos bendrija \u201cRietavo Viltis\u201d <\/td>\n<\/tr>\n<tr class=\"row-36 even\">\n\t<td class=\"column-1\">35<\/td><td class=\"column-2\">Skuodas<\/td><td class=\"column-3\">Jadze Don\u0117lien\u0117<\/td><td class=\"column-4\">862040603<\/td><td class=\"column-5\">skuodoviltis@gmail.com<\/td><td class=\"column-6\">Sutrikusio intelekto \u017emoni\u0173 globos bendrija  \u201cSkuodo Viltis\u201d<\/td>\n<\/tr>\n<tr class=\"row-37 odd\">\n\t<td class=\"column-1\">36<\/td><td class=\"column-2\">\u0160akiai<\/td><td class=\"column-3\">Roma D\u0117dynien\u0117<\/td><td class=\"column-4\">861640738<\/td><td class=\"column-5\">roma.dedyniene@gmail.com<\/td><td class=\"column-6\">Sutrikusio intelekto \u017emoni\u0173 globos bendrija  \u201c\u0160aki\u0173 Viltis\u201d<\/td>\n<\/tr>\n<tr class=\"row-38 even\">\n\t<td class=\"column-1\">37<\/td><td class=\"column-2\">\u0160al\u010dininkai<\/td><td class=\"column-3\">Ana Kislovska<\/td><td class=\"column-4\">861153265<\/td><td class=\"column-5\">a.kislovska@yahoo.com <\/td><td class=\"column-6\">Lietuvos sutrikusio intelekto \u017emoni\u0173 globos bendrijos \u201cViltis\u201d  \u0160al\u010dinink\u0173 padalinys<\/td>\n<\/tr>\n<tr class=\"row-39 odd\">\n\t<td class=\"column-1\">38<\/td><td class=\"column-2\">\u0160iauliai<\/td><td class=\"column-3\">Dal\u0117 Vy\u0161tartien\u0117<\/td><td class=\"column-4\">865786741<\/td><td class=\"column-5\">viltis@splius.lt<\/td><td class=\"column-6\">Sutrikusio intelekto \u017emoni\u0173 globos bendrija \u201c\u0160iauli\u0173 Viltis\u201d<\/td>\n<\/tr>\n<tr class=\"row-40 even\">\n\t<td class=\"column-1\">39<\/td><td class=\"column-2\">\u0160iauli\u0173 r.<\/td><td class=\"column-3\">Vilma Palubinskien\u0117 <\/td><td class=\"column-4\">865642179<\/td><td class=\"column-5\">kursenuviltis@gmail.com<\/td><td class=\"column-6\">Sutrikusio intelekto \u017emoni\u0173 globos bendrija \u201c\u0160iauli\u0173 rajono Viltis\u201d<\/td>\n<\/tr>\n<tr class=\"row-41 odd\">\n\t<td class=\"column-1\">40<\/td><td class=\"column-2\">\u0160ilut\u0117<\/td><td class=\"column-3\">Egl\u0117 Paulauskien\u0117                    <\/td><td class=\"column-4\">868671966<\/td><td class=\"column-5\">silutesviltis@gmail.com<\/td><td class=\"column-6\">Sutrikusio intelekto \u017emoni\u0173 globos bendrija  \u201c\u0160ilut\u0117s Viltis\u201d<\/td>\n<\/tr>\n<tr class=\"row-42 even\">\n\t<td class=\"column-1\">41<\/td><td class=\"column-2\">\u0160irvintos<\/td><td class=\"column-3\">Rita Kamarauskien\u0117<\/td><td class=\"column-4\"><\/td><td class=\"column-5\"><\/td><td class=\"column-6\">Sutrikusio intelekto \u017emoni\u0173 globos bendrija  \u201cViltis\u201d \u0160irvint\u0173 padalinys<\/td>\n<\/tr>\n<tr class=\"row-43 odd\">\n\t<td class=\"column-1\">42<\/td><td class=\"column-2\">\u0160ven\u010dionys<\/td><td class=\"column-3\">Zinaida Mironenko<\/td><td class=\"column-4\">869909946<\/td><td class=\"column-5\">mironenko6@gmail.com<\/td><td class=\"column-6\">Sutrikusio intelekto \u017emoni\u0173 globos bendrija \u201eViltis\u201d \u0160ven\u010dioni\u0173 skyrius<\/td>\n<\/tr>\n<tr class=\"row-44 even\">\n\t<td class=\"column-1\">43<\/td><td class=\"column-2\">Taurag\u0117<\/td><td class=\"column-3\">Rasa Skerni\u0161kien\u0117                         <\/td><td class=\"column-4\">868562268<\/td><td class=\"column-5\">tauragesviltis@gmail.com<\/td><td class=\"column-6\">Sutrikusio intelekto \u017emoni\u0173 globos bendrija \u201cTaurag\u0117s Viltis\u201d <\/td>\n<\/tr>\n<tr class=\"row-45 odd\">\n\t<td class=\"column-1\">44<\/td><td class=\"column-2\">Tel\u0161iai<\/td><td class=\"column-3\">Au\u0161ra Motuzait\u0117<\/td><td class=\"column-4\">868309421<\/td><td class=\"column-5\">vsnc.telsiai@gmail.com<\/td><td class=\"column-6\">Sutrikusio intelekto \u017emoni\u0173 globos bendrija \u201cTel\u0161i\u0173 viltis\u201d <\/td>\n<\/tr>\n<tr class=\"row-46 even\">\n\t<td class=\"column-1\">45<\/td><td class=\"column-2\">Trakai<\/td><td class=\"column-3\">Lina Muknickien\u0117<\/td><td class=\"column-4\">868733471<\/td><td class=\"column-5\"><\/td><td class=\"column-6\">Sutrikusio intelekto \u017emoni\u0173 globos bendrijos \u201cTrak\u0173 Viltis\u201d <\/td>\n<\/tr>\n<tr class=\"row-47 odd\">\n\t<td class=\"column-1\">46<\/td><td class=\"column-2\">Ukmerg\u0117<\/td><td class=\"column-3\">Stas\u0117 Vil\u010dinskien\u0117<\/td><td class=\"column-4\">868546696<\/td><td class=\"column-5\">s.vilcinskiene@gmail.com<\/td><td class=\"column-6\">Sutrikusio intelekto \u017emoni\u0173 globos bendrija \u201cUkmerg\u0117s Viltis\u201d<\/td>\n<\/tr>\n<tr class=\"row-48 even\">\n\t<td class=\"column-1\">47<\/td><td class=\"column-2\">Utena<\/td><td class=\"column-3\">Aldona V\u0117brien\u0117                                                   <\/td><td class=\"column-4\">865063220<\/td><td class=\"column-5\">utenosviltis@gmail.com<\/td><td class=\"column-6\">Sutrikusio intelekto \u017emoni\u0173 globos bendrija \u201cUtenos Viltis\u201d<\/td>\n<\/tr>\n<tr class=\"row-49 odd\">\n\t<td class=\"column-1\">48<\/td><td class=\"column-2\">Var\u0117na<\/td><td class=\"column-3\">Nijol\u0117 Versockien\u0117                                                                                   <\/td><td class=\"column-4\">861646825<\/td><td class=\"column-5\">viltis@varena.lt<\/td><td class=\"column-6\">Lietuvos sutrikusio intelekto \u017emoni\u0173 globos bendrijos \u201cViltis\u201d Var\u0117nos padalinys<\/td>\n<\/tr>\n<tr class=\"row-50 even\">\n\t<td class=\"column-1\">49<\/td><td class=\"column-2\">Vilkavi\u0161kis<\/td><td class=\"column-3\"><\/td><td class=\"column-4\"><\/td><td class=\"column-5\"><\/td><td class=\"column-6\">Lietuvos sutrikusio intelekto \u017emoni\u0173 globos bendrijos \u201cViltis\u201d Vilkavi\u0161kio padalinys<\/td>\n<\/tr>\n<tr class=\"row-51 odd\">\n\t<td class=\"column-1\">50<\/td><td class=\"column-2\">Vilnius<\/td><td class=\"column-3\">R\u016bta Rinkevi\u010dien\u0117<\/td><td class=\"column-4\">868550603<\/td><td class=\"column-5\">info@vilniausviltis.lt<\/td><td class=\"column-6\">Sutrikusio intelekto \u017emoni\u0173 globos bendrija \u201cVilniaus Viltis\u201d<\/td>\n<\/tr>\n<tr class=\"row-52 even\">\n\t<td class=\"column-1\">51<\/td><td class=\"column-2\">Vilnius<\/td><td class=\"column-3\">J\u016brat\u0117 Matulaitien\u0117<\/td><td class=\"column-4\">852334708<\/td><td class=\"column-5\">viltiesakimirka@viltis.lt<br \/>\n<\/td><td class=\"column-6\">V\u0161\u012e \"Vilties akimirka\"<\/td>\n<\/tr>\n<tr class=\"row-53 odd\">\n\t<td class=\"column-1\">52<\/td><td class=\"column-2\">Visaginas<\/td><td class=\"column-3\">Tatjana Pulenko   <\/td><td class=\"column-4\">865781977<\/td><td class=\"column-5\">visaginoviltis@mail.ru<\/td><td class=\"column-6\">Sutrikusio intelekto \u017emoni\u0173 globos bendrija \u201cVisagino Viltis\u201d<\/td>\n<\/tr>\n<tr class=\"row-54 even\">\n\t<td class=\"column-1\">53<\/td><td class=\"column-2\">Zarasai<\/td><td class=\"column-3\">Rasa Jur\u0161ien\u0117<\/td><td class=\"column-4\">861010754<\/td><td class=\"column-5\">rasa@zarasubiblioteka.lt<\/td><td class=\"column-6\">Sutrikusio intelekto \u017emoni\u0173 globos bendrija \u201cZaras\u0173 Viltis\u201d<\/td>\n<\/tr>\n<tr class=\"row-55 odd\">\n\t<td class=\"column-1\">54<\/td><td class=\"column-2\">Garg\u017edai<\/td><td class=\"column-3\">Rekvita Bagdonien\u0117<\/td><td class=\"column-4\">860411555<\/td><td class=\"column-5\">revilitavsi@gmail.com<\/td><td class=\"column-6\">V\u0161\u012e \"Revilita\"<\/td>\n<\/tr>\n<tr class=\"row-56 even\">\n\t<td class=\"column-1\">55<\/td><td class=\"column-2\">Kaunas<\/td><td class=\"column-3\">Lucija Jurgelaitien\u0117<\/td><td class=\"column-4\">837756207<\/td><td class=\"column-5\">info@viltiesziedas.lt<\/td><td class=\"column-6\">V\u0161\u012e \"Vilties \u017eiedas\"<\/td>\n<\/tr>\n<\/tbody>\n<\/table>\n<span id=\"tablepress-3-description\" class=\"tablepress-table-description tablepress-table-description-id-3\">Tarp j\u0173 Asociacij\u0173 - 51,  Vie\u0161\u0173j\u0173 \u012fstaig\u0173 - 4<br \/>\nAtnaujinta 2021-10-26<\/span>\n<!-- #tablepress-3 from cache --><\/strong><\/p>\n\n\n\n<p class=\"has-medium-font-size\"><strong>Fiziniai asmenys<\/strong><br><strong>\n<table id=\"tablepress-4\" class=\"tablepress tablepress-id-4\" aria-describedby=\"tablepress-4-description\">\n<thead>\n<tr class=\"row-1 odd\">\n\t<th class=\"column-1\">Nr.<\/th><th class=\"column-2\">Vietov\u0117<\/th><th class=\"column-3\">Vardas, pavard\u0117<\/th><th class=\"column-4\">Telefonas<\/th><th class=\"column-5\">El. pa\u0161to adresas<\/th>\n<\/tr>\n<\/thead>\n<tbody class=\"row-hover\">\n<tr class=\"row-2 even\">\n\t<td class=\"column-1\">1<\/td><td class=\"column-2\">Klaip\u0117da<br \/>\n<\/td><td class=\"column-3\">Marius Drukteinis<\/td><td class=\"column-4\"><\/td><td class=\"column-5\"><br \/>\n<\/td>\n<\/tr>\n<tr class=\"row-3 odd\">\n\t<td class=\"column-1\">2<\/td><td class=\"column-2\">Vilnius<\/td><td class=\"column-3\">Ramun\u0117 Lebedyt\u0117 Undz\u0117nien\u0117<\/td><td class=\"column-4\"><\/td><td class=\"column-5\"><\/td>\n<\/tr>\n<tr class=\"row-4 even\">\n\t<td class=\"column-1\">3<\/td><td class=\"column-2\">Vilnius<\/td><td class=\"column-3\">Loreta Mulkyt\u0117<\/td><td class=\"column-4\">860638265<\/td><td class=\"column-5\"><\/td>\n<\/tr>\n<tr class=\"row-5 odd\">\n\t<td class=\"column-1\">4<\/td><td class=\"column-2\">Vilnius<\/td><td class=\"column-3\">A. Vasenko<\/td><td class=\"column-4\">867951564<\/td><td class=\"column-5\"><\/td>\n<\/tr>\n<tr class=\"row-6 even\">\n\t<td class=\"column-1\">5<\/td><td class=\"column-2\">Vilnius<\/td><td class=\"column-3\">Egl\u0117 \u0160umskien\u0117<\/td><td class=\"column-4\"><\/td><td class=\"column-5\"><\/td>\n<\/tr>\n<tr class=\"row-7 odd\">\n\t<td class=\"column-1\">6<\/td><td class=\"column-2\">Vilnius<\/td><td class=\"column-3\">Marija B\u017eezinska<\/td><td class=\"column-4\">868824469<\/td><td class=\"column-5\"><\/td>\n<\/tr>\n<\/tbody>\n<\/table>\n<span id=\"tablepress-4-description\" class=\"tablepress-table-description tablepress-table-description-id-4\">Atnaujinta 2019-10-29<\/span>\n<!-- #tablepress-4 from cache --><\/strong><\/p>\n","protected":false},"excerpt":{"rendered":"<p>Juridiniai asmenys Fiziniai asmenys<\/p>\n","protected":false},"author":1,"featured_media":0,"parent":10,"menu_order":0,"comment_status":"closed","ping_status":"closed","template":"","meta":[],"_links":{"self":[{"href":"http:\/\/www.viltis.lt\/lt\/_OLD\/wp-json\/wp\/v2\/pages\/19"}],"collection":[{"href":"http:\/\/www.viltis.lt\/lt\/_OLD\/wp-json\/wp\/v2\/pages"}],"about":[{"href":"http:\/\/www.viltis.lt\/lt\/_OLD\/wp-json\/wp\/v2\/types\/page"}],"author":[{"embeddable":true,"href":"http:\/\/www.viltis.lt\/lt\/_OLD\/wp-json\/wp\/v2\/users\/1"}],"replies":[{"embeddable":true,"href":"http:\/\/www.viltis.lt\/lt\/_OLD\/wp-json\/wp\/v2\/comments?post=19"}],"version-history":[{"count":36,"href":"http:\/\/www.viltis.lt\/lt\/_OLD\/wp-json\/wp\/v2\/pages\/19\/revisions"}],"predecessor-version":[{"id":1976,"href":"http:\/\/www.viltis.lt\/lt\/_OLD\/wp-json\/wp\/v2\/pages\/19\/revisions\/1976"}],"up":[{"embeddable":true,"href":"http:\/\/www.viltis.lt\/lt\/_OLD\/wp-json\/wp\/v2\/pages\/10"}],"wp:attachment":[{"href":"http:\/\/www.viltis.lt\/lt\/_OLD\/wp-json\/wp\/v2\/media?parent=19"}],"curies":[{"name":"wp","href":"https:\/\/api.w.org\/{rel}","templated":true}]}}