{"id":2004,"date":"2020-12-14T14:47:06","date_gmt":"2020-12-14T12:47:06","guid":{"rendered":"http:\/\/www.viltis.lt\/lt\/_OLD\/?page_id=2004"},"modified":"2020-12-14T14:50:37","modified_gmt":"2020-12-14T12:50:37","slug":"mind-inclusion","status":"publish","type":"page","link":"http:\/\/www.viltis.lt\/lt\/_OLD\/http-www-viltis-lt-lt-es-investicijos-popamokinis-uzimtumas\/mind-inclusion\/","title":{"rendered":"Mind Inclusion"},"content":{"rendered":"\n<p class=\"has-black-color has-text-color has-medium-font-size\">Susipa\u017einkite su socialin\u0119 iniciatyva, kurios tikslas skatinti informacijos sklaid\u0105 ir didinti vie\u0161\u0173 viet\u0173 prieinamum\u0105 \u017emon\u0117ms turintiems negali\u0105, didinti galimybes pilnaverti\u0161kai dalyvauti socialiniame gyvenime.<\/p>\n\n\n\n<p class=\"has-black-color has-text-color has-medium-font-size\">Bendrija \u201eViltis\u201c kartu su partneriais i\u0161 Italijos, Ispanijos ir Pranc\u016bzijos suk\u016br\u0117 program\u0117l\u0119 \u201e<strong><em>The Mind Inclusion\u201d.<\/em><\/strong> Ji padeda lengvai rasti informacij\u0105 apie &nbsp;teikiamas paslaugas, vykdomas veiklas ir vietas kur jos teikiamos. Taip pat apie vie\u0161\u0173j\u0173 viet\u0173 pritaikym\u0105 negali\u0105 turintiems asmenims \u2013 ar yra \u012fva\u017eiavimas su ne\u012fgali\u0173j\u0173 v\u0117\u017eim\u0117liu, ar vieta triuk\u0161minga ir kt.<\/p>\n\n\n\n<p class=\"has-black-color has-text-color has-medium-font-size\">Kvie\u010diame pasinaudoti&nbsp; program\u0117l\u0117 <strong>\u201eThe Mind Inclusion\u201c, <\/strong>registruotis ir b\u016bti matomi ir \u017einomi visiems.<\/p>\n\n\n\n<div class=\"wp-block-file\"><a href=\"http:\/\/www.viltis.lt\/lt\/_OLD\/wp-content\/uploads\/2020\/12\/MI20_FlyerUser_pdf-1.pdf\"><p class=\"has-black-color has-text-color has-medium-font-size\">Instrukcija kaip naudotis program\u0117le:<\/a><a href=\"http:\/\/www.viltis.lt\/lt\/_OLD\/wp-content\/uploads\/2020\/12\/MI20_FlyerUser_pdf-1.pdf\" class=\"wp-block-file__button\" download>Parsisi\u0173sti<\/a><\/div>\n\n\n\n<p><\/p>\n","protected":false},"excerpt":{"rendered":"<p>Susipa\u017einkite su socialin\u0119 iniciatyva, kurios tikslas skatinti informacijos sklaid\u0105 ir didinti vie\u0161\u0173 viet\u0173 prieinamum\u0105 \u017emon\u0117ms turintiems negali\u0105, didinti galimybes pilnaverti\u0161kai dalyvauti socialiniame gyvenime. Bendrija \u201eViltis\u201c kartu su partneriais i\u0161 Italijos, Ispanijos ir Pranc\u016bzijos suk\u016br\u0117 program\u0117l\u0119 \u201eThe Mind Inclusion\u201d. Ji padeda lengvai rasti informacij\u0105 apie &nbsp;teikiamas paslaugas, vykdomas veiklas ir vietas kur jos teikiamos. Taip pat [&hellip;]<\/p>\n","protected":false},"author":2,"featured_media":2016,"parent":29,"menu_order":0,"comment_status":"closed","ping_status":"closed","template":"","meta":[],"_links":{"self":[{"href":"http:\/\/www.viltis.lt\/lt\/_OLD\/wp-json\/wp\/v2\/pages\/2004"}],"collection":[{"href":"http:\/\/www.viltis.lt\/lt\/_OLD\/wp-json\/wp\/v2\/pages"}],"about":[{"href":"http:\/\/www.viltis.lt\/lt\/_OLD\/wp-json\/wp\/v2\/types\/page"}],"author":[{"embeddable":true,"href":"http:\/\/www.viltis.lt\/lt\/_OLD\/wp-json\/wp\/v2\/users\/2"}],"replies":[{"embeddable":true,"href":"http:\/\/www.viltis.lt\/lt\/_OLD\/wp-json\/wp\/v2\/comments?post=2004"}],"version-history":[{"count":9,"href":"http:\/\/www.viltis.lt\/lt\/_OLD\/wp-json\/wp\/v2\/pages\/2004\/revisions"}],"predecessor-version":[{"id":2015,"href":"http:\/\/www.viltis.lt\/lt\/_OLD\/wp-json\/wp\/v2\/pages\/2004\/revisions\/2015"}],"up":[{"embeddable":true,"href":"http:\/\/www.viltis.lt\/lt\/_OLD\/wp-json\/wp\/v2\/pages\/29"}],"wp:featuredmedia":[{"embeddable":true,"href":"http:\/\/www.viltis.lt\/lt\/_OLD\/wp-json\/wp\/v2\/media\/2016"}],"wp:attachment":[{"href":"http:\/\/www.viltis.lt\/lt\/_OLD\/wp-json\/wp\/v2\/media?parent=2004"}],"curies":[{"name":"wp","href":"https:\/\/api.w.org\/{rel}","templated":true}]}}