{"id":29,"date":"2016-07-11T08:00:30","date_gmt":"2016-07-11T06:00:30","guid":{"rendered":"http:\/\/www.viltis.lt.plakis.serveriai.lt\/lt\/?page_id=29"},"modified":"2019-10-28T10:49:51","modified_gmt":"2019-10-28T08:49:51","slug":"http-www-viltis-lt-lt-es-investicijos-popamokinis-uzimtumas","status":"publish","type":"page","link":"http:\/\/www.viltis.lt\/lt\/_OLD\/http-www-viltis-lt-lt-es-investicijos-popamokinis-uzimtumas\/","title":{"rendered":"ES investicijos"},"content":{"rendered":"<p><img loading=\"lazy\" class=\"size-medium wp-image-655 aligncenter\" src=\"http:\/\/www.viltis.lt\/lt\/_OLD\/wp-content\/uploads\/2018\/03\/ESFIVP-I-1-300x150.jpg\" alt=\"\" width=\"300\" height=\"150\" srcset=\"http:\/\/www.viltis.lt\/lt\/_OLD\/wp-content\/uploads\/2018\/03\/ESFIVP-I-1-300x150.jpg 300w, http:\/\/www.viltis.lt\/lt\/_OLD\/wp-content\/uploads\/2018\/03\/ESFIVP-I-1-768x384.jpg 768w, http:\/\/www.viltis.lt\/lt\/_OLD\/wp-content\/uploads\/2018\/03\/ESFIVP-I-1-1024x512.jpg 1024w\" sizes=\"(max-width: 300px) 100vw, 300px\" \/><\/p>\n<p style=\"text-align: center;\"><strong>Apie projekt\u0105 <\/strong><span style=\"text-decoration: underline;\">\u201eES INVESTICIJ\u0172 VAIDMUO GERINANT SUTRIKUSIO INTELEKTO ASMEN\u0172 IR J\u0172 ARTIM\u0172J\u0172 GYVENIMO KOKYB\u0118<em>\u201e<\/em><\/span><\/p>\n<p>&nbsp;<\/p>\n<p style=\"text-align: justify;\"><div class='one_half'>\n\t\t\t\t\tGyvename nuolat besikei\u010dian\u010dioje informacin\u0117je aplinkoje, kurioje esame informacijos vartotojai. Ta\u010diau ne visa informacija yra prieinama sutrikusio intelekto asmenims. Tai viena labiausiai pa\u017eeid\u017eiam\u0173 socialin\u0117s visuomen\u0117s grupi\u0173, kuriai informacija turi b\u016bti pateikiama adaptuota, jiems suprantama kalba. Informacijos apie naujo tipo paslaug\u0173 teikim\u0105 ne\u012fgaliesiems ir j\u0173 \u0161eimos nariams sklaida prisid\u0117s prie ES investicij\u0173 veiksm\u0173 programoje numatyt\u0173 socialini\u0173 ir ekonomini\u0173 poky\u010di\u0173 \u012fgyvendinimo, socialin\u0117s \u012ftraukties skatinimo, suteikiant geresn\u0119 prieig\u0105 prie socialini\u0173 paslaug\u0173 ir per\u0117jimo nuo institucini\u0173 prie bendruomenini\u0173 paslaug\u0173.<\/p>\n<p style=\"text-align: justify;\">Projekto unikalumas ir i\u0161skirtinumas keis visuomen\u0117s po\u017ei\u016br\u012f \u012f ne\u012fgaliuosius, pad\u0117s suvokti, kad sutrikusio intelekto asmenys yra tokia pat visuomen\u0117s dalis, formuos nuostatas, kad pagalbos pra\u0161yti yra normalu, skatins dom\u0117tis apie ne\u012fgali\u0173j\u0173 gyvenimo kokyb\u0117s gerinim\u0105.<\/p>\n<p style=\"text-align: justify;\">Jau \u0161iandien, ES investicij\u0173 d\u0117ka, Lietuvos sutrikusio intelekto asmen\u0173 globos bendrija \u201eViltis\u201c teikia naujo tipo paslaugas (laikinojo atokv\u0117pio, asmeninio asistento, atvejo vadybos paslaugas, \u012ftraukiojo ugdymo taikym\u0105).<\/p>\n<p style=\"text-align: justify;\">Projekto metu, pasitelkus kompetentingus specialistus kartu su lengvai suprantamos kalbos specialistais (\u201eEASY TO READ\u201c), bus organizuojamos bendruomenin\u0117s supervizijos kiekviename i\u0161 10 Lietuvos region\u0173, taip pat k\u016brybin\u0117s dirbtuv\u0117s, kuri\u0173 med\u017eiag\u0105 ketinama panaudoti vaizdo klipo apie ES investicij\u0173 naud\u0105 sutrikusio intelekto asmenims ir j\u0173 artimiesiems k\u016brimui. Tokiu b\u016bdu sutrikusio intelekto asmenys ne tik su\u017einos apie ES investicij\u0173 teikiam\u0105 naud\u0105 konkre\u010diai jiems ir j\u0173 artimiesiems, bet ir tur\u0117s galimyb\u0119 per dail\u0117s k\u016brinius i\u0161reik\u0161ti savo pozicij\u0105, bus \u012ftraukiami \u012f \u0161ios informacijos sklaid\u0105. Sutrikusio intelekto asmen\u0173, kaip lygiateisi\u0173 ES investicij\u0173 vartotoj\u0173 galios atsispind\u0117s specialiai \u0161iam projektui sukurtame video klipo. Jis bus vie\u0161inimas visais bendrijai \u201eViltis\u201c prieinamais b\u016bdais.<\/p>\n<p style=\"text-align: justify;\">Dalyvauti bendruomenin\u0117se supervizijose bus kvie\u010diami ne vien sutrikusio intelekto asmenys, bei j\u0173 artimieji, bet ir kiti visuomen\u0117s veik\u0117jai (politikai, savivaldybi\u0173 darbuotojai ir pan.). Video klipo vie\u0161inimas taip pat pasieks gana nema\u017e\u0105 auditorij\u0105. Taip, kad ir nedideliais \u017eingsniais, bet visuomen\u0117je ims keistis nuostata&nbsp; i\u0161 \u201eMes ir Jie\u201c \u012f \u201eMes\u201c.\n\t\t\t\t<\/div><\/p>\n<p><img loading=\"lazy\" class=\"wp-image-656 alignleft\" src=\"http:\/\/www.viltis.lt\/lt\/_OLD\/wp-content\/uploads\/2018\/03\/Easy_to_read_Logo-150x150.jpg\" alt=\"\" width=\"174\" height=\"174\" srcset=\"http:\/\/www.viltis.lt\/lt\/_OLD\/wp-content\/uploads\/2018\/03\/Easy_to_read_Logo-150x150.jpg 150w, http:\/\/www.viltis.lt\/lt\/_OLD\/wp-content\/uploads\/2018\/03\/Easy_to_read_Logo-300x298.jpg 300w, http:\/\/www.viltis.lt\/lt\/_OLD\/wp-content\/uploads\/2018\/03\/Easy_to_read_Logo-768x762.jpg 768w, http:\/\/www.viltis.lt\/lt\/_OLD\/wp-content\/uploads\/2018\/03\/Easy_to_read_Logo-182x182.jpg 182w, http:\/\/www.viltis.lt\/lt\/_OLD\/wp-content\/uploads\/2018\/03\/Easy_to_read_Logo-83x83.jpg 83w, http:\/\/www.viltis.lt\/lt\/_OLD\/wp-content\/uploads\/2018\/03\/Easy_to_read_Logo-184x184.jpg 184w, http:\/\/www.viltis.lt\/lt\/_OLD\/wp-content\/uploads\/2018\/03\/Easy_to_read_Logo.jpg 829w\" sizes=\"(max-width: 174px) 100vw, 174px\" \/><\/p>\n<p>&nbsp;<\/p>\n<p>&nbsp;<\/p>\n<p>&nbsp;<\/p>\n<p>&nbsp;<\/p>\n<p>&nbsp;<\/p>\n<p>BENDRIJA \u201eVILTIS\u201c \u012eGYVENDINA NAUJ\u0104 PROJEKT\u0104.<br \/>\nPROJEKTO PAVADINIMAS YRA \u201eES INVESTICIJ\u0172 VAIDMUO GERINANT SUTRIKUSIO INTELEKTO ASMEN\u0172 IR J\u0172 ARTIM\u0172J\u0172 GYVENIMO KOKYB\u0118\u201c.<br \/>\nPROJEKTO TIKSLAS YRA INFORMUOTI NE\u012eGALIUOSIUS IR J\u0172 \u0160EIMAS APIE EUROPOS S\u0104JUNGOS TEIKIAM\u0104 PAGALB\u0104.<br \/>\nEUROPOS S\u0104JUNGA LABAI PADEDA LIETUVAI.<br \/>\nKARTAIS T\u0104 PAGALB\u0104 SUNKU SUPRASTI.<br \/>\nINFORMACIJA APIE PAGALB\u0104 NESUPRANTAMA IR SUD\u0116TINGA.<\/p>\n<p>PROJEKTO METU BENDRIJA \u201eVILTIS\u201c ATLIKS DAUG DARB\u0172.<br \/>\n\u201eVILTIES\u201c BENDRIJA PARENGS INFORMACIJ\u0104 APIE EUROPOS S\u0104JUNGOS PAGALB\u0104 LENGVAI SUPRANTAMA KALBA.<br \/>\n\u012eVAIRIUOSE LIETUVOS MIESTUOSE VYKS RENGINIAI.<br \/>\nRENGINI\u0172 BUS DE\u0160IMT.<br \/>\nRENGINI\u0172 METU NE\u012eGALIEJI IR J\u0172 \u0160EIMOS NARIAI SU\u017dINOS APIE EUROPOS S\u0104JUNGOS PAGALB\u0104.<\/p>\n<p>PROJEKTO METU VYKS IR K\u016aRYBIN\u0116S DIRBTUV\u0116S.<br \/>\nNE\u012eGALIEJI SU ASISTENT\u0172 PAGALBA PIE\u0160 PIE\u0160INIUS APIE EUROPOS S\u0104JUNGOS PAGALB\u0104.<br \/>\nRUDEN\u012e VYKS PIE\u0160INI\u0172 KONKURSAS.<br \/>\nPIE\u0160INI\u0172 KONKURSO PAVADINIMAS YRA \u201eNORIU GYVENTI ORIAI\u201c.<br \/>\nI\u0160 KONKURSO NUGAL\u0116TOJ\u0172 PIE\u0160I\u0172 BUS SUKURTAS FILMAS.<\/p>\n<p><strong>Projekto komanda:<\/strong><\/p>\n<p>Dana Migaliova (projekto vadov\u0117) mig@viltis.lt tel.: 8 5 2113293<br \/>\nJurgita Solodskien\u0117 (projekto vykdytoja) Jurgita.iksc@viltis.lt tel.: 8 5 2113525<br \/>\nDovil\u0117 Au\u0161r\u0117 (projekto finansinink\u0117) dovile@viltis.lt tel.: 8 5 2113532<\/p>\n<p style=\"text-align: justify;\">Projektas vykdomas pagal 2014-2020 met\u0173 Europos S\u0105jungos fond\u0173 investicij\u0173 veiksm\u0173 program\u0105 \u201eKuriame Lietuvos ateit\u012f\u201c ES strukt\u016brini\u0173 fond\u0173 l\u0117\u0161\u0173 bendrai finansuojamo projekto \u201eES investicij\u0173 vaidmuo gerinant sutrikusio intelekto asmen\u0173 ir j\u0173 artim\u0173j\u0173 gyvenimo kokyb\u0119\u201c pagal priemon\u0119 Nr. 12.0.1-CPVA-K-204 \u201eKomunikacija apie ES investicijas. Projekto nr. 12.0.1-CPVA-K-204-01-0015<br \/>\nSkirta finansavimo suma: 24 593,11 Eur.<br \/>\nProjektas finansuojamas Europos socialinio fondo ir Lietuvos Respublikos valstyb\u0117s biud\u017eeto l\u0117\u0161omis.<br \/>\nProjekto prad\u017eia 2018-02-20<br \/>\nProjekto pabaiga 2019-01-31<\/p>\n","protected":false},"excerpt":{"rendered":"<p>Apie projekt\u0105 \u201eES INVESTICIJ\u0172 VAIDMUO GERINANT SUTRIKUSIO INTELEKTO ASMEN\u0172 IR J\u0172 ARTIM\u0172J\u0172 GYVENIMO KOKYB\u0118\u201e &nbsp; &nbsp; &nbsp; &nbsp; &nbsp; &nbsp; BENDRIJA \u201eVILTIS\u201c \u012eGYVENDINA NAUJ\u0104 PROJEKT\u0104. PROJEKTO PAVADINIMAS YRA \u201eES INVESTICIJ\u0172 VAIDMUO GERINANT SUTRIKUSIO INTELEKTO ASMEN\u0172 IR J\u0172 ARTIM\u0172J\u0172 GYVENIMO KOKYB\u0118\u201c. PROJEKTO TIKSLAS YRA INFORMUOTI NE\u012eGALIUOSIUS IR J\u0172 \u0160EIMAS APIE EUROPOS S\u0104JUNGOS TEIKIAM\u0104 PAGALB\u0104. EUROPOS S\u0104JUNGA [&hellip;]<\/p>\n","protected":false},"author":1,"featured_media":0,"parent":0,"menu_order":0,"comment_status":"closed","ping_status":"closed","template":"page-full.php","meta":[],"_links":{"self":[{"href":"http:\/\/www.viltis.lt\/lt\/_OLD\/wp-json\/wp\/v2\/pages\/29"}],"collection":[{"href":"http:\/\/www.viltis.lt\/lt\/_OLD\/wp-json\/wp\/v2\/pages"}],"about":[{"href":"http:\/\/www.viltis.lt\/lt\/_OLD\/wp-json\/wp\/v2\/types\/page"}],"author":[{"embeddable":true,"href":"http:\/\/www.viltis.lt\/lt\/_OLD\/wp-json\/wp\/v2\/users\/1"}],"replies":[{"embeddable":true,"href":"http:\/\/www.viltis.lt\/lt\/_OLD\/wp-json\/wp\/v2\/comments?post=29"}],"version-history":[{"count":30,"href":"http:\/\/www.viltis.lt\/lt\/_OLD\/wp-json\/wp\/v2\/pages\/29\/revisions"}],"predecessor-version":[{"id":1373,"href":"http:\/\/www.viltis.lt\/lt\/_OLD\/wp-json\/wp\/v2\/pages\/29\/revisions\/1373"}],"wp:attachment":[{"href":"http:\/\/www.viltis.lt\/lt\/_OLD\/wp-json\/wp\/v2\/media?parent=29"}],"curies":[{"name":"wp","href":"https:\/\/api.w.org\/{rel}","templated":true}]}}