{"id":45,"date":"2016-07-11T08:03:20","date_gmt":"2016-07-11T10:03:20","guid":{"rendered":"http:\/\/www.viltis.lt.plakis.serveriai.lt\/lt\/?page_id=45"},"modified":"2019-04-13T10:08:06","modified_gmt":"2019-04-13T08:08:06","slug":"paremkite-mus","status":"publish","type":"page","link":"http:\/\/www.viltis.lt\/lt\/_OLD\/paremkite-mus\/","title":{"rendered":"Paremkite mus"},"content":{"rendered":"\n<p><strong>&nbsp; &nbsp; &nbsp; &nbsp; &nbsp; &nbsp; &nbsp; &nbsp; &nbsp; &nbsp; &nbsp; &nbsp; &nbsp; &nbsp; &nbsp; &nbsp; &nbsp; &nbsp; &nbsp; &nbsp; &nbsp; &nbsp; &nbsp; &nbsp; &nbsp; M\u016bs\u0173 r\u0117m\u0117jai ir draugai<\/strong><\/p>\n\n\n\n<div class=\"wp-block-image\"><figure class=\"alignleft\"><img loading=\"lazy\" width=\"438\" height=\"653\" src=\"http:\/\/www.viltis.lt.plakis.serveriai.lt\/lt\/wp-content\/uploads\/2016\/07\/r\u0117m\u0117jai.jpg\" alt=\"r\u0117m\u0117jai\" class=\"wp-image-355\" srcset=\"http:\/\/www.viltis.lt\/lt\/_OLD\/wp-content\/uploads\/2016\/07\/r\u0117m\u0117jai.jpg 438w, http:\/\/www.viltis.lt\/lt\/_OLD\/wp-content\/uploads\/2016\/07\/r\u0117m\u0117jai-201x300.jpg 201w\" sizes=\"(max-width: 438px) 100vw, 438px\" \/><\/figure><\/div>\n\n\n\n<ul><li>UAB Agent\u016bra \u201eJungtin\u0117s Spaudos&nbsp; paslaugos\u201c<\/li><li>UAB \u201eKostrzewa Baltic\u201c<\/li><li>UAB \u201eVivus Sanus\u201c- odontologijos klinika<\/li><li>Labdaros ir paramos fonda \u201eVilties spindulys\u201c<\/li><li>Bron\u0117 (Paulien\u0117) Laucius<\/li><li>LSDP narys Egidijus Gaidamavi\u010dius<\/li><li>Geros valios \u017emon\u0117s ir savanoriai<br>\n<hr>\n<figure><a href=\"http:\/\/www.viltis.lt\/lt\/_OLD\/kaip-skirti-2-proc\/\" target=\"_blank\" rel=\"noopener\"><img loading=\"lazy\" class=\"wp-image-614 aligncenter\" src=\"http:\/\/www.viltis.lt\/lt\/_OLD\/wp-content\/uploads\/2018\/03\/kaip-skirti-2-proc-300x101.jpg\" alt=\"\" width=\"321\" height=\"108\" srcset=\"http:\/\/www.viltis.lt\/lt\/_OLD\/wp-content\/uploads\/2018\/03\/kaip-skirti-2-proc-300x101.jpg 300w, http:\/\/www.viltis.lt\/lt\/_OLD\/wp-content\/uploads\/2018\/03\/kaip-skirti-2-proc-e1521982043260-150x50.jpg 150w, http:\/\/www.viltis.lt\/lt\/_OLD\/wp-content\/uploads\/2018\/03\/kaip-skirti-2-proc-768x258.jpg 768w, http:\/\/www.viltis.lt\/lt\/_OLD\/wp-content\/uploads\/2018\/03\/kaip-skirti-2-proc.jpg 975w\" sizes=\"(max-width: 321px) 100vw, 321px\" \/><\/a><\/figure><p><\/p>\n<p style=\"text-align: center;\"><strong>Jei norite prisid\u0117ti prie m\u016bs\u0173 veiklos kreipkites el. pa\u0161tu viltis@viltis.lt<\/strong><\/p>\n<\/li><\/ul>\n","protected":false},"excerpt":{"rendered":"<p>&nbsp; &nbsp; &nbsp; &nbsp; &nbsp; &nbsp; &nbsp; &nbsp; &nbsp; &nbsp; &nbsp; &nbsp; &nbsp; &nbsp; &nbsp; &nbsp; &nbsp; &nbsp; &nbsp; &nbsp; &nbsp; &nbsp; &nbsp; &nbsp; &nbsp; M\u016bs\u0173 r\u0117m\u0117jai ir draugai UAB Agent\u016bra \u201eJungtin\u0117s Spaudos&nbsp; paslaugos\u201c UAB \u201eKostrzewa Baltic\u201c UAB \u201eVivus Sanus\u201c- odontologijos klinika Labdaros ir paramos fonda \u201eVilties spindulys\u201c Bron\u0117 (Paulien\u0117) Laucius LSDP narys Egidijus Gaidamavi\u010dius [&hellip;]<\/p>\n","protected":false},"author":1,"featured_media":0,"parent":0,"menu_order":0,"comment_status":"closed","ping_status":"closed","template":"page-full.php","meta":[],"_links":{"self":[{"href":"http:\/\/www.viltis.lt\/lt\/_OLD\/wp-json\/wp\/v2\/pages\/45"}],"collection":[{"href":"http:\/\/www.viltis.lt\/lt\/_OLD\/wp-json\/wp\/v2\/pages"}],"about":[{"href":"http:\/\/www.viltis.lt\/lt\/_OLD\/wp-json\/wp\/v2\/types\/page"}],"author":[{"embeddable":true,"href":"http:\/\/www.viltis.lt\/lt\/_OLD\/wp-json\/wp\/v2\/users\/1"}],"replies":[{"embeddable":true,"href":"http:\/\/www.viltis.lt\/lt\/_OLD\/wp-json\/wp\/v2\/comments?post=45"}],"version-history":[{"count":29,"href":"http:\/\/www.viltis.lt\/lt\/_OLD\/wp-json\/wp\/v2\/pages\/45\/revisions"}],"predecessor-version":[{"id":1125,"href":"http:\/\/www.viltis.lt\/lt\/_OLD\/wp-json\/wp\/v2\/pages\/45\/revisions\/1125"}],"wp:attachment":[{"href":"http:\/\/www.viltis.lt\/lt\/_OLD\/wp-json\/wp\/v2\/media?parent=45"}],"curies":[{"name":"wp","href":"https:\/\/api.w.org\/{rel}","templated":true}]}}