{"id":47,"date":"2016-07-11T08:03:40","date_gmt":"2016-07-11T06:03:40","guid":{"rendered":"http:\/\/www.viltis.lt.plakis.serveriai.lt\/lt\/?page_id=47"},"modified":"2020-10-07T14:32:42","modified_gmt":"2020-10-07T12:32:42","slug":"fotogalerija","status":"publish","type":"page","link":"http:\/\/www.viltis.lt\/lt\/_OLD\/fotogalerija\/","title":{"rendered":"Fotogalerija"},"content":{"rendered":"\n<div class=\"wp-block-image is-style-rounded\"><figure class=\"aligncenter is-resized\"><a href=\"https:\/\/drive.google.com\/drive\/u\/3\/folders\/1Wv69_D2x0tMGvfmgr3uaJ9aAWndP1pcm\" target=\"_blank\" rel=\"noreferrer noopener\"><img loading=\"lazy\" src=\"http:\/\/www.viltis.lt\/lt\/_OLD\/wp-content\/uploads\/2020\/09\/DSC00512JPG-e1601968933616.jpg\" alt=\"\" class=\"wp-image-1174\" width=\"300\" height=\"200\"><\/a><figcaption><strong><\/strong><figure class=\"aligncenter\"><strong>2020 vasaros stovykla<\/strong><\/figure><\/figcaption><\/figure><\/div>\n\n\n\n<div class=\"wp-block-image is-style-rounded\"><figure class=\"aligncenter is-resized\"><a href=\"https:\/\/drive.google.com\/open?id=1vcGWY2CxIbJhg-fcFQ450Kc9elsRzIvz\" target=\"_blank\" rel=\"noreferrer noopener\"><img loading=\"lazy\" src=\"http:\/\/www.viltis.lt\/lt\/_OLD\/wp-content\/uploads\/2019\/05\/rsz_20190515_111719-300x146.jpg\" alt=\"\" class=\"wp-image-1174\" width=\"300\" height=\"200\"\/><\/a><figcaption><strong><figure class=\"aligncenter\">2019 met\u0173 kiem\u0173 \u0161vent\u0117<\/strong><\/figcaption><\/figure><\/div>\n\n\n\n<div class=\"wp-block-image is-style-rounded\"><figure class=\"aligncenter is-resized\"><a href=\"https:\/\/drive.google.com\/drive\/u\/3\/folders\/1Itwmk9LS5w1baHMMm70HzMah7O4U-t1r\" target=\"_blank\" rel=\"noreferrer noopener\"><img loading=\"lazy\" src=\"http:\/\/www.viltis.lt\/lt\/_OLD\/wp-content\/uploads\/2018\/04\/apie-mus-2.png\" alt=\"\" class=\"wp-image-1174\" width=\"300\" height=\"200\"\/><\/a><figcaption><strong><figure class=\"aligncenter\">2016 met\u0173 vasaros stovykla<\/strong><\/figcaption><\/figure><\/div>\n\n\n\n<div class=\"wp-block-image is-style-rounded\"><figure class=\"aligncenter is-resized\"><a href=\"https:\/\/drive.google.com\/drive\/u\/3\/folders\/1s82Yf3nrg4Myqs_sYrydPLuqsKUU0-hh\" target=\"_blank\" rel=\"noreferrer noopener\"><img loading=\"lazy\" src=\"http:\/\/www.viltis.lt\/lt\/_OLD\/wp-content\/uploads\/2016\/07\/DSC_0996JPG-e1602073893984.jpg\" alt=\"\" class=\"wp-image-1174\" width=\"300\" height=\"200\"\/><\/a><figcaption><strong><figure class=\"aligncenter\">JAV ambasados darbuotoj\u0173 vizitas 2016-12-21<\/strong><\/figcaption><\/figure><\/div>\n\n\n\n<p><\/p>\n","protected":false},"excerpt":{"rendered":"<p>2020 vasaros stovykla 2019 met\u0173 kiem\u0173 \u0161vent\u0117 2016 met\u0173 vasaros stovykla JAV ambasados darbuotoj\u0173 vizitas 2016-12-21<\/p>\n","protected":false},"author":1,"featured_media":241,"parent":0,"menu_order":0,"comment_status":"closed","ping_status":"closed","template":"page-full.php","meta":[],"_links":{"self":[{"href":"http:\/\/www.viltis.lt\/lt\/_OLD\/wp-json\/wp\/v2\/pages\/47"}],"collection":[{"href":"http:\/\/www.viltis.lt\/lt\/_OLD\/wp-json\/wp\/v2\/pages"}],"about":[{"href":"http:\/\/www.viltis.lt\/lt\/_OLD\/wp-json\/wp\/v2\/types\/page"}],"author":[{"embeddable":true,"href":"http:\/\/www.viltis.lt\/lt\/_OLD\/wp-json\/wp\/v2\/users\/1"}],"replies":[{"embeddable":true,"href":"http:\/\/www.viltis.lt\/lt\/_OLD\/wp-json\/wp\/v2\/comments?post=47"}],"version-history":[{"count":53,"href":"http:\/\/www.viltis.lt\/lt\/_OLD\/wp-json\/wp\/v2\/pages\/47\/revisions"}],"predecessor-version":[{"id":1980,"href":"http:\/\/www.viltis.lt\/lt\/_OLD\/wp-json\/wp\/v2\/pages\/47\/revisions\/1980"}],"wp:featuredmedia":[{"embeddable":true,"href":"http:\/\/www.viltis.lt\/lt\/_OLD\/wp-json\/wp\/v2\/media\/241"}],"wp:attachment":[{"href":"http:\/\/www.viltis.lt\/lt\/_OLD\/wp-json\/wp\/v2\/media?parent=47"}],"curies":[{"name":"wp","href":"https:\/\/api.w.org\/{rel}","templated":true}]}}