{"id":49,"date":"2016-07-11T08:04:14","date_gmt":"2016-07-11T10:04:14","guid":{"rendered":"http:\/\/www.viltis.lt.plakis.serveriai.lt\/lt\/?page_id=49"},"modified":"2021-12-31T14:45:11","modified_gmt":"2021-12-31T12:45:11","slug":"kontaktai","status":"publish","type":"page","link":"http:\/\/www.viltis.lt\/lt\/_OLD\/kontaktai\/","title":{"rendered":"Kontaktai"},"content":{"rendered":"<table>\n<tbody>\n<tr>\n<td width=\"252\"><strong>Pareigos<\/strong><\/td>\n<td width=\"227\"><strong>Vardas, pavard\u0117<\/strong><\/td>\n<td width=\"147\"><strong>Darbo tel.<\/strong><\/td>\n<td width=\"185\"><strong>El.pa\u0161tas<\/strong><\/td>\n<\/tr>\n<tr>\n<td width=\"252\"><strong>Asociacijos vadov\u0117<\/strong><\/td>\n<td width=\"227\">Dana Migaliova<\/td>\n<td width=\"147\">8 5\u00a0211 3293<\/td>\n<td width=\"185\"><a href=\"mailto:mig@viltis.lt\">mig@viltis.lt<\/a><\/td>\n<\/tr>\n<tr>\n<td width=\"252\"><strong>Administracija<\/strong><\/td>\n<td width=\"227\"><\/td>\n<td width=\"147\"><\/td>\n<td width=\"185\"><\/td>\n<\/tr>\n<tr>\n<td width=\"252\">Projekto vykdytoja<\/td>\n<td width=\"227\">Natalija Ol\u0117sova<\/td>\n<td width=\"147\">8 5 211 3528<\/td>\n<td width=\"185\"><a href=\"mailto:viltis@viltis.lt\">viltis@viltis.lt<\/a><\/td>\n<\/tr>\n<tr>\n<td width=\"252\"><strong>Leidyba<\/strong><\/td>\n<td width=\"227\"><strong>\u00a0<\/strong><\/td>\n<td width=\"147\"><strong>\u00a0<\/strong><\/td>\n<td width=\"185\"><strong>\u00a0<\/strong><\/td>\n<\/tr>\n<tr>\n<td width=\"252\">Projekto vykdytoja \/leidybos programa<\/td>\n<td width=\"227\">Janina Butkuvien\u0117<\/td>\n<td width=\"147\">8 5 211 3528<\/td>\n<td width=\"185\"><a href=\"mailto:janinabut@viltis.lt\">janinabut@viltis.lt<\/a><\/td>\n<\/tr>\n<tr>\n<td width=\"252\"><strong>Buhalterija<\/strong><\/td>\n<td width=\"227\"><strong>\u00a0<\/strong><\/td>\n<td width=\"147\"><strong>\u00a0<\/strong><\/td>\n<td width=\"185\"><strong>\u00a0<\/strong><\/td>\n<\/tr>\n<tr>\n<td width=\"252\">Projekto finansinink\u0117<\/td>\n<td width=\"227\">Dovil\u0117 Au\u0161r\u0117<\/td>\n<td width=\"147\">8 5\u00a0211 3528<\/td>\n<td width=\"185\"><a href=\"mailto:dovile@viltis.lt\">dovile@viltis.lt<\/a><\/td>\n<\/tr>\n<tr>\n<td width=\"252\">Projekto vykdytoja<\/td>\n<td width=\"227\">Regina \u010ciuladait\u0117<\/td>\n<td width=\"147\">8 5\u00a0211 3528<\/td>\n<td width=\"185\"><a href=\"mailto:regina@viltis.lt\">regina@viltis.lt<\/a><\/td>\n<\/tr>\n<tr>\n<td width=\"252\"><strong>Program\u0173 valdymo skyrius<\/strong><\/td>\n<td width=\"227\"><strong>\u00a0<\/strong><\/td>\n<td width=\"147\"><strong>\u00a0<\/strong><\/td>\n<td width=\"185\"><strong>\u00a0<\/strong><\/td>\n<\/tr>\n<tr>\n<td width=\"252\"><\/td>\n<td width=\"227\"><\/td>\n<td width=\"147\"><\/td>\n<td width=\"185\"><\/td>\n<\/tr>\n<tr>\n<td width=\"252\"><\/td>\n<td width=\"227\"><\/td>\n<td width=\"147\"><\/td>\n<td width=\"185\"><\/td>\n<\/tr>\n<tr>\n<td width=\"252\">Projekto vykdytoja<\/td>\n<td width=\"227\">Irena Grigien\u0117<\/td>\n<td width=\"147\">8 5 211 3528<\/td>\n<td width=\"185\"><a href=\"mailto:irena@viltis.lt\">irena@viltis.lt<\/a><\/td>\n<\/tr>\n<tr>\n<td width=\"252\"><strong>Teis\u0117s skyrius<\/strong><\/td>\n<td width=\"227\"><strong>\u00a0<\/strong><\/td>\n<td width=\"147\"><strong>\u00a0<\/strong><\/td>\n<td width=\"185\"><strong>\u00a0<\/strong><\/td>\n<\/tr>\n<tr>\n<td width=\"252\">Teisininkas<\/td>\n<td width=\"227\">Aidas Gudavi\u010dius<\/td>\n<td width=\"147\">8\u00a0640 34390<\/td>\n<td width=\"185\"><a href=\"mailto:aidas.gudavicius@viltis.lt\">aidas.gudavicius@viltis.lt<\/a><\/td>\n<\/tr>\n<tr>\n<td width=\"252\">Teisinink\u0117<\/td>\n<td width=\"227\">Kornelija Krutulyt\u0117<\/td>\n<td width=\"147\">8 5 211 3532<\/td>\n<td width=\"185\"><a href=\"mailto:teisininkas@viltis.lt\">teisininkas@viltis.lt<\/a><\/td>\n<\/tr>\n<tr>\n<td width=\"252\"><strong>V\u0161\u012e \u201eIKSC\u201c<\/strong><\/td>\n<td width=\"227\"><\/td>\n<td width=\"147\"><\/td>\n<td width=\"185\"><\/td>\n<\/tr>\n<tr>\n<td width=\"252\">Direktor\u0117<\/td>\n<td width=\"227\">Ramun\u0117 Lebedyt\u0117 Undz\u0117nien\u0117<\/td>\n<td width=\"147\">8 602 79545<\/td>\n<td width=\"185\"><a href=\"mailto:ramune.iksc@viltis.lt\">ramune.iksc@viltis.lt<\/a><\/td>\n<\/tr>\n<tr>\n<td width=\"252\"><strong>Vilties akimirka<\/strong><\/td>\n<td width=\"227\"><\/td>\n<td width=\"147\"><\/td>\n<td width=\"185\"><\/td>\n<\/tr>\n<tr>\n<td width=\"252\">Direktor\u0117<\/td>\n<td width=\"227\">J\u016brat\u0117 Matulaitien\u0117<\/td>\n<td width=\"147\">8 5\u00a0210 1303<\/td>\n<td width=\"185\"><a href=\"mailto:viltiesakimirka@viltis.lt\">viltiesakimirka@viltis.lt<\/a><\/td>\n<\/tr>\n<tr>\n<td width=\"252\">Darbuotojai:<\/td>\n<td width=\"227\">Art\u016bras \u0160imatonis<\/td>\n<td width=\"147\">8 5 210 1185<\/td>\n<td width=\"185\"><\/td>\n<\/tr>\n<tr>\n<td width=\"252\"><strong>\u00a0<\/strong><\/td>\n<td width=\"227\">Gitana Kuzmait\u0117<\/td>\n<td width=\"147\">8 5 233 4708<\/td>\n<td width=\"185\"><\/td>\n<\/tr>\n<tr>\n<td width=\"252\"><strong>\u00a0<\/strong><\/td>\n<td width=\"227\"><\/td>\n<td width=\"147\"><\/td>\n<td width=\"185\"><\/td>\n<\/tr>\n<\/tbody>\n<\/table>\n<p style=\"text-align: center;\"><strong>M\u016bs\u0173 biur\u0105 rasite adresu Kareivi\u0173 g. 2C<\/strong><\/p>\n<hr \/>\n<p><iframe loading=\"lazy\" style=\"border: 0;\" src=\"https:\/\/www.google.com\/maps\/embed?pb=!1m18!1m12!1m3!1d1152.3004996978746!2d25.288934958384417!3d54.716642695072245!2m3!1f0!2f0!3f0!3m2!1i1024!2i768!4f13.1!3m3!1m2!1s0x46dd9424f9078fdd%3A0xb55e60a7517cc909!2sViltis%2C+Lietuvos+sutrikusio+intelekto+zmoniu+globos+bendrija!5e0!3m2!1sen!2slt!4v1520164866345\" width=\"960\" height=\"375\" frameborder=\"0\" allowfullscreen=\"allowfullscreen\"><\/iframe><\/p>\n<hr \/>\n<p style=\"text-align: center;\"><strong>U\u017eduokite mums klausim\u0105<\/strong><\/p>\n","protected":false},"excerpt":{"rendered":"<p>Pareigos Vardas, pavard\u0117 Darbo tel. El.pa\u0161tas Asociacijos vadov\u0117 Dana Migaliova 8 5\u00a0211 3293 mig@viltis.lt Administracija Projekto vykdytoja Natalija Ol\u0117sova 8 5 211 3528 viltis@viltis.lt Leidyba \u00a0 \u00a0 \u00a0 Projekto vykdytoja \/leidybos programa Janina Butkuvien\u0117 8 5 211 3528 janinabut@viltis.lt Buhalterija \u00a0 \u00a0 \u00a0 Projekto finansinink\u0117 Dovil\u0117 Au\u0161r\u0117 8 5\u00a0211 3528 dovile@viltis.lt Projekto vykdytoja Regina \u010ciuladait\u0117 [&hellip;]<\/p>\n","protected":false},"author":1,"featured_media":0,"parent":0,"menu_order":0,"comment_status":"closed","ping_status":"closed","template":"page-contact.php","meta":[],"_links":{"self":[{"href":"http:\/\/www.viltis.lt\/lt\/_OLD\/wp-json\/wp\/v2\/pages\/49"}],"collection":[{"href":"http:\/\/www.viltis.lt\/lt\/_OLD\/wp-json\/wp\/v2\/pages"}],"about":[{"href":"http:\/\/www.viltis.lt\/lt\/_OLD\/wp-json\/wp\/v2\/types\/page"}],"author":[{"embeddable":true,"href":"http:\/\/www.viltis.lt\/lt\/_OLD\/wp-json\/wp\/v2\/users\/1"}],"replies":[{"embeddable":true,"href":"http:\/\/www.viltis.lt\/lt\/_OLD\/wp-json\/wp\/v2\/comments?post=49"}],"version-history":[{"count":21,"href":"http:\/\/www.viltis.lt\/lt\/_OLD\/wp-json\/wp\/v2\/pages\/49\/revisions"}],"predecessor-version":[{"id":2437,"href":"http:\/\/www.viltis.lt\/lt\/_OLD\/wp-json\/wp\/v2\/pages\/49\/revisions\/2437"}],"wp:attachment":[{"href":"http:\/\/www.viltis.lt\/lt\/_OLD\/wp-json\/wp\/v2\/media?parent=49"}],"curies":[{"name":"wp","href":"https:\/\/api.w.org\/{rel}","templated":true}]}}