{"id":687,"date":"2018-04-19T15:37:40","date_gmt":"2018-04-19T13:37:40","guid":{"rendered":"http:\/\/www.viltis.lt\/lt\/_OLD\/?page_id=687"},"modified":"2019-01-30T09:16:16","modified_gmt":"2019-01-30T07:16:16","slug":"projekto-naujienos","status":"publish","type":"page","link":"http:\/\/www.viltis.lt\/lt\/_OLD\/http-www-viltis-lt-lt-es-investicijos-popamokinis-uzimtumas\/projekto-naujienos\/","title":{"rendered":"Projekto naujienos"},"content":{"rendered":"<h5 style=\"text-align: justify;\"><\/h5>\n<div class='one_fourth'>\n\t\t\t\t\t<iframe loading=\"lazy\" src=\"https:\/\/www.youtube.com\/embed\/daIGMzRBZuY\" width=\"300\" height=\"192\" frameborder=\"0\" allowfullscreen=\"allowfullscreen\"><\/iframe>\n\t\t\t\t<\/div>\n<h5>Proto negali\u0105 turintys asmenys vis dar yra atskirti nuo visuomen\u0117s d\u0117l nepritaikytos aplinkos, nei\u0161vystyto pagalbos tinklo, paslaug\u0173 neprieinamumo. Lietuvoje jau teikiamos ES investicij\u0173 finansuojamos naujo tipo bendruomenin\u0117s paslaugos sutrikusio intelekto asmenims BET kol kas tai tik bandomieji projektai ir apima tik kelet\u0105 Lietuvos region\u0173, o paslaugos gav\u0117j\u0173 skai\u010dius labai ma\u017eas\u2026<br \/>\nLietuvos sutrikusio intelekto \u017emoni\u0173 globos bendrija \u201eViltis\u201c vykdo projekt\u0105 \u201eES investicij<span class=\"text_exposed_show\">\u0173 vaidmuo gerinant sutrikusio intelekto asmen\u0173 ir j\u0173 artim\u0173j\u0173 gyvenimo kokyb\u0119\u201c, kuris finansuojamas Europos socialinio fondo l\u0117\u0161omis.<br \/>\nProjekto tikslas \u2013 ugdyti visuomen\u0117s suvokim\u0105, kad sutrikusio intelekto asmenys yra pilnaver\u010diai visuomen\u0117s nariai.<br \/>\nProjekto \u012fgyvendinimo metu buvo organizuojamos bendruomenin\u0117s supervizijos, k\u016brybin\u0117s dirbtuv\u0117s bei sukurtas vaizdo klipas apie ES investicij\u0173 vaidmen\u012f gerinant sutrikusio intelekto asmen\u0173 ir j\u0173 artim\u0173j\u0173 gyvenimo kokyb\u0119, atskleid\u017eiant sutrikusio intelekto asmen\u0173 lygiateisi\u0161kumo principus.\u00a0<\/span><span class=\"text_exposed_show\">Kvie\u010diame m\u0117gautis ir dalintis!<\/span><\/h5>\n<h5><span class=\"text_exposed_show\">A\u010di\u016b\u00a0\u00a0u\u017e pastangas ir meil\u0119 perteikti tai, ko labiausiai reikia sutrikusio intelekto asmenims ir j\u0173 \u0161eimos nariams. A\u010di\u016b visiems projekto dalyviams, pie\u0161ini\u0173 k\u016br\u0117jams, specialistams, projekto komandai, Lietuvos savivaldybi\u0173 atstovams u\u017e palaikym\u0105 ir dalyvavim\u0105 diskusijose.<\/span><\/h5>\n<h5><span class=\"text_exposed_show\">Vaizdo klipe buvo panaudoti proto negali\u0105 turin\u010di\u0173 asmen\u0173 pie\u0161iniai.<\/span><\/h5>\n<p><img loading=\"lazy\" class=\"size-full wp-image-764 alignright\" src=\"http:\/\/www.viltis.lt\/lt\/_OLD\/wp-content\/uploads\/2018\/08\/logo-ES.png\" alt=\"\" width=\"97\" height=\"67\" \/><\/p>\n<p style=\"text-align: right;\">Gruo 4, 2018<\/p>\n<p>&nbsp;<\/p>\n<hr \/>\n<h5 style=\"text-align: justify;\"><\/h5>\n<div id=\"attachment_387\" style=\"width: 266px\" class=\"wp-caption alignleft\"><a href=\"https:\/\/drive.google.com\/open?id=1slMq9cMlLn0_x8KW5nnmQ3knm8JHm1xY\"><img aria-describedby=\"caption-attachment-387\" loading=\"lazy\" class=\"wp-image-387 \" src=\"http:\/\/www.viltis.lt\/lt\/_OLD\/wp-content\/uploads\/2018\/08\/20.jpg\" alt=\"endruomenines supervizijos Tel\u0161iuose ir Taurag\u0117je\" width=\"256\" height=\"198\" \/><\/a><p id=\"caption-attachment-387\" class=\"wp-caption-text\"><a href=\"https:\/\/drive.google.com\/open?id=1slMq9cMlLn0_x8KW5nnmQ3knm8JHm1xY\">Pirmieji pie\u0161iniai<\/a><\/p><\/div>\n<h5 style=\"text-align: justify;\">Lietuvos sutrikusio intelekto \u017emoni\u0173 globos bendrija \u201eViltis\u201c, vykdydama projekt\u0105 \u201eES investicij\u0173 vaidmuo gerinant sutrikusio intelekto asmen\u0173 ir j\u0173 artim\u0173j\u0173 gyvenimo kokyb\u0119\u201c, organizuoja k\u016brybines dirbtuves \u201eNoriu gyventi oriai\u201c, kuri\u0173 metu ne\u012fgalus asmuo, padedant savanoriui\/asistentui nupie\u0161ia\/pagamina pie\u0161in\u012f. Pie\u0161inys ar k\u016brinys turi atspind\u0117ti tem\u0105: Savaranki\u0161kas gyvenimas, naujo tipo paslaugos: asmeninio asistento pagalba, atokv\u0117pio paslauga, atvejo vadybos paslauga, \u012ftraukusis \u016bgdymas ir pan. Asmeninis asistentas, ne\u012fgaliajam suprantama kalba paai\u0161kina\/primena, pateikia informacij\u0105 apie ES investicij\u0173 d\u0117ka atsiradusias \/atsirandan\u010dias naujo tipo paslaugas, kuriomis jis (ne\u012fgalusis) gali\/gal\u0117s naudotis. Asistentas padeda proto negali\u0105 turin\u010diam asmeniui apsispr\u0119sti, kokios pagalbos jam reikia. Galb\u016bt jam reikia asistento, kuris palyd\u0117s j\u012f \u012f kin\u0105 ar darb\u0105? Galb\u016bt jis nor\u0117t\u0173, kad jo \u0161eima pails\u0117t\u0173 atokv\u0117pio tarnyboje, o gal jis nor\u0117t\u0173 mokytis kartu su kitais bendrojo ugdymo \u012fstaigoje, profesin\u0117je mokykloje ir pan. Visa tai tur\u0117t\u0173 atsispind\u0117ti k\u016brinyje \u2013 pie\u0161inyje. Dalyvauti gali tiek suaug\u0119, tiek vaikai visoje Lietuvoje. Darbui reikalingas priemones par\u016bpinsime mes. Kvie\u010diame ne\u012fgali\u0173j\u0173 organizacijas dalyvauti pie\u0161ini\u0173 konkurse!<\/h5>\n<p><img loading=\"lazy\" class=\"size-full wp-image-764 alignright\" src=\"http:\/\/www.viltis.lt\/lt\/_OLD\/wp-content\/uploads\/2018\/08\/logo-ES.png\" alt=\"\" width=\"97\" height=\"67\" \/><\/p>\n<p style=\"text-align: center;\"><a href='http:\/\/www.viltis.lt\/lt\/_OLD\/piesiniu-konkursas-noriu-gyventi-oriai\/' class='small-button smallsilver'>Skaityti daugiau<\/a><\/p>\n<p style=\"text-align: right;\">Rugp 19, 2018<\/p>\n<hr \/>\n<div id=\"attachment_387\" style=\"width: 266px\" class=\"wp-caption alignleft\"><a href=\"https:\/\/drive.google.com\/drive\/folders\/1ePH_JCbczq-SbqmwWSzq0F3gjRKsJGwA\"><img aria-describedby=\"caption-attachment-387\" loading=\"lazy\" class=\"wp-image-387 \" src=\"http:\/\/www.viltis.lt\/lt\/_OLD\/wp-content\/uploads\/2018\/08\/3.jpg\" alt=\"Pristatymas Utenoje\" width=\"256\" height=\"192\" \/><\/a><p id=\"caption-attachment-387\" class=\"wp-caption-text\"><a href=\"https:\/\/drive.google.com\/drive\/folders\/1ePH_JCbczq-SbqmwWSzq0F3gjRKsJGwA\" rel=\"noopener\">Pristatymas Utenoje<\/a><\/p><\/div>\n<h5 style=\"text-align: justify;\">2018 m. bir\u017eelio 12 d. Lietuvos sutrikusio intelekto \u017emoni\u0173 globos bendrijos \u201eViltis\u201c asociacijos vadov\u0117 Dana Migaliova ir projekt\u0173 vadybinink\u0117 Jurgita Solodskien\u0117 Utenos rajono savivaldyb\u0117je pristat\u0117 naujo tipo paslaug\u0173 inicijavim\u0105 ir teikim\u0105 proto negali\u0105 turintiems asmenims pasitelkiant ES l\u0117\u0161as. Mokym\u0173 dalyviai dalijosi patirtimi d\u0117l asmeninio asistento, atokv\u0117pio paslaug\u0173 ir atvejo vadybos paslaug\u0173 poreikio, \u012fvardijo kaip naujo tipo bendruomenin\u0117s paslaugos pagerina sutrikusio intelekto asmen\u0173 ir j\u0173 artim\u0173j\u0173 gyvenim\u0105.<br \/>\nProjekto veiklos apima vis\u0105 Lietuvos teritorij\u0105 ir yra skirtos sutrikusio intelekto \u017emon\u0117ms, j\u0173 artimiesiems, specialistams, nevyriausybini\u0173 organizacij\u0173 bei savivaldos strukt\u016br\u0173 atstovams.<br \/>\n<img loading=\"lazy\" class=\"alignright size-full wp-image-764\" src=\"http:\/\/www.viltis.lt\/lt\/_OLD\/wp-content\/uploads\/2018\/08\/logo-ES.png\" alt=\"\" width=\"97\" height=\"67\" \/><\/h5>\n<p>&nbsp;<\/p>\n<p>&nbsp;<\/p>\n<p style=\"text-align: right;\">Bir 12, 2018<\/p>\n<p>&nbsp;<\/p>\n<hr \/>\n<div id=\"attachment_387\" style=\"width: 266px\" class=\"wp-caption alignleft\"><a href=\"https:\/\/drive.google.com\/open?id=1rbjhBNFmQQ2hVg60Ep_yfZqtKvka3Mmw\"><img aria-describedby=\"caption-attachment-387\" loading=\"lazy\" class=\"wp-image-387 \" src=\"http:\/\/www.viltis.lt\/lt\/_OLD\/wp-content\/uploads\/2018\/05\/32585707_1995201583845702_3984206423356604416_n.jpg\" alt=\"endruomenines supervizijos Tel\u0161iuose ir Taurag\u0117je\" width=\"256\" height=\"192\" \/><\/a><p id=\"caption-attachment-387\" class=\"wp-caption-text\"><a href=\"https:\/\/drive.google.com\/open?id=1rbjhBNFmQQ2hVg60Ep_yfZqtKvka3Mmw\" target=\"_blank\" rel=\"noopener\">Tiesiogiai i\u0161 \u0160aki\u0173!<\/a><\/p><\/div>\n<p>&nbsp;<\/p>\n<h5 style=\"text-align: justify;\">T\u0119siame projekto \u201eES investicij\u0173 vaidmuo gerinant sutrikusio intelekto asmen\u0173 ir j\u0173 artim\u0173j\u0173 gyvenimo kokyb\u0119\u201c bendruomenini\u0173 supervizij\u0173 veikl\u0105. Dalyvauja Marijampol\u0117s, \u0160aki\u0173, Kalvarijos, Kazl\u0173 R\u016bdos atstovai, specialistai, sitrikusio intelekto asmenys. Pristatome naujo tipo paslaug\u0173 teikim\u0105 proto negali\u0105 turintiems asmenims ir j\u0173 \u0161eimoms. Dalyviai dalinasi patirtimi d\u0117l asmeninio asistento, atokv\u0117pio paslaug\u0173, atvejo vadybos paslaug\u0173 poreikio. Labai svarbus kokyb\u0117s aspektas, paslaug\u0173 prieinamumas, didel\u0117 b\u0117da su kaimo vietov\u0117mis, ne\u012fgali\u0173j\u0173 t\u0117v\u0173 baim\u0117mis d\u0117l pasitik\u0117jimo. Sunki\u0105 negali\u0105 turintys asmenys negauna paslaug\u0173.<br \/>\n<img loading=\"lazy\" class=\"alignright size-full wp-image-764\" src=\"http:\/\/www.viltis.lt\/lt\/_OLD\/wp-content\/uploads\/2018\/08\/logo-ES.png\" alt=\"\" width=\"97\" height=\"67\" \/><\/h5>\n<p>&nbsp;<\/p>\n<p>&nbsp;<\/p>\n<p style=\"text-align: right;\">Geg 15, 2018<\/p>\n<p>&nbsp;<\/p>\n<hr \/>\n<h5 style=\"text-align: justify;\"><\/h5>\n<div id=\"attachment_387\" style=\"width: 266px\" class=\"wp-caption alignleft\"><a href=\"https:\/\/drive.google.com\/open?id=1NO-GIic2O1kjvKz_sKSJwcUnFiHKv33z\"><img aria-describedby=\"caption-attachment-387\" loading=\"lazy\" class=\"wp-image-387 \" src=\"http:\/\/www.viltis.lt\/lt\/_OLD\/wp-content\/uploads\/2018\/05\/30725729_10155577321982865_7979522058797187072_n.jpg\" alt=\"endruomenines supervizijos Tel\u0161iuose ir Taurag\u0117je\" width=\"256\" height=\"192\" \/><\/a><p id=\"caption-attachment-387\" class=\"wp-caption-text\"><a href=\"https:\/\/drive.google.com\/open?id=1NO-GIic2O1kjvKz_sKSJwcUnFiHKv33z\" target=\"_blank\" rel=\"noopener\">Bendruomenines supervizijos Tel\u0161iuose ir Taurag\u0117je<\/a><\/p><\/div>\n<h5 style=\"text-align: justify;\">Lietuvos sutrikusio intelekto \u017emoni\u0173 globos bendrija \u201eViltis\u201c \u012fgyvendindama projekt\u0105 \u201eES investicij\u0173 vaidmuo gerinant sutrikusio intelekto asmen\u0173 ir j\u0173 artim\u0173j\u0173 gyvenimo kokyb\u0119\u201c finansuojam\u0105 Europos socialinio fondo l\u0117\u0161omis, prad\u0117jo vykdyti bendruomenines supervizijas 10-tyje Lietuvos region\u0173.<\/h5>\n<h5 style=\"text-align: justify;\">Baland\u017eio 5-6 dienomis specialist\u0173 komanda lank\u0117si Taurag\u0117s ir Tel\u0161i\u0173 regionuose, baland\u017eio 11-12 dienomis &#8211; Panev\u0117\u017eio ir \u0160iauli\u0173 regionuose. Dalyviai buvo supa\u017eindinami su naujo tipo socialin\u0117mis paslaugomis, i\u0161gryninamos regiono socialin\u0117s problemos ir kartu ie\u0161koma b\u016bd\u0173 jas i\u0161spr\u0119sti. Vietos bendruomen\u0117 skatinama aktyviai dalyvauti ES investicij\u0173 programose. Galime pasid\u017eiaugti, kad susitikimuose dalyvavo nevyriausybini\u0173 organizacij\u0173 atstovai, savaranki\u0161ko gyvenimo nam\u0173 lankytojai, ne\u012fgalieji ir j\u0173 t\u0117vai\/glob\u0117jai bei specialistai. I\u0161klausyti su ne\u012fgali\u0173j\u0173 savaranki\u0161ku gyvenimu susijusias aktualijas gausiai rinkosi atstovai i\u0161 savivaldybi\u0173 administracij\u0173, socialin\u0117s paramos ir r\u016bpybos bei \u0161vietimo skyri\u0173, taip pat rajon\u0173 socialini\u0173 paslaug\u0173 nam\u0173 ir globos nam\u0173, vietos veiklos grupi\u0173 ir kiti bendruomen\u0117s nariai.<br \/>\n<img loading=\"lazy\" class=\"size-full wp-image-764 alignright\" src=\"http:\/\/www.viltis.lt\/lt\/_OLD\/wp-content\/uploads\/2018\/08\/logo-ES.png\" alt=\"\" width=\"97\" height=\"67\" \/><\/h5>\n<p style=\"text-align: center;\"><a href='http:\/\/www.viltis.lt\/lt\/_OLD\/nauju-socialiniu-paslaugu-poreikis\/' class='small-button smallsilver'>Skaityti daugiau<\/a><\/p>\n<p style=\"text-align: right;\">Bal 19, 2018<\/p>\n<hr \/>\n<p>&nbsp;<\/p>\n<p>&nbsp;<\/p>\n","protected":false},"excerpt":{"rendered":"<p>Proto negali\u0105 turintys asmenys vis dar yra atskirti nuo visuomen\u0117s d\u0117l nepritaikytos aplinkos, nei\u0161vystyto pagalbos tinklo, paslaug\u0173 neprieinamumo. Lietuvoje jau teikiamos ES investicij\u0173 finansuojamos naujo tipo bendruomenin\u0117s paslaugos sutrikusio intelekto asmenims BET kol kas tai tik bandomieji projektai ir apima tik kelet\u0105 Lietuvos region\u0173, o paslaugos gav\u0117j\u0173 skai\u010dius labai ma\u017eas\u2026 Lietuvos sutrikusio intelekto \u017emoni\u0173 globos [&hellip;]<\/p>\n","protected":false},"author":2,"featured_media":0,"parent":29,"menu_order":1,"comment_status":"closed","ping_status":"closed","template":"page-full.php","meta":[],"_links":{"self":[{"href":"http:\/\/www.viltis.lt\/lt\/_OLD\/wp-json\/wp\/v2\/pages\/687"}],"collection":[{"href":"http:\/\/www.viltis.lt\/lt\/_OLD\/wp-json\/wp\/v2\/pages"}],"about":[{"href":"http:\/\/www.viltis.lt\/lt\/_OLD\/wp-json\/wp\/v2\/types\/page"}],"author":[{"embeddable":true,"href":"http:\/\/www.viltis.lt\/lt\/_OLD\/wp-json\/wp\/v2\/users\/2"}],"replies":[{"embeddable":true,"href":"http:\/\/www.viltis.lt\/lt\/_OLD\/wp-json\/wp\/v2\/comments?post=687"}],"version-history":[{"count":36,"href":"http:\/\/www.viltis.lt\/lt\/_OLD\/wp-json\/wp\/v2\/pages\/687\/revisions"}],"predecessor-version":[{"id":931,"href":"http:\/\/www.viltis.lt\/lt\/_OLD\/wp-json\/wp\/v2\/pages\/687\/revisions\/931"}],"up":[{"embeddable":true,"href":"http:\/\/www.viltis.lt\/lt\/_OLD\/wp-json\/wp\/v2\/pages\/29"}],"wp:attachment":[{"href":"http:\/\/www.viltis.lt\/lt\/_OLD\/wp-json\/wp\/v2\/media?parent=687"}],"curies":[{"name":"wp","href":"https:\/\/api.w.org\/{rel}","templated":true}]}}