{"id":701,"date":"2018-04-19T16:10:36","date_gmt":"2018-04-19T14:10:36","guid":{"rendered":"http:\/\/www.viltis.lt\/lt\/_OLD\/?page_id=701"},"modified":"2019-01-30T09:42:38","modified_gmt":"2019-01-30T07:42:38","slug":"lat","status":"publish","type":"page","link":"http:\/\/www.viltis.lt\/lt\/_OLD\/http-www-viltis-lt-lt-es-investicijos-popamokinis-uzimtumas\/lat\/","title":{"rendered":"LAT"},"content":{"rendered":"<p style=\"text-align: justify;\"><strong>LAIKINOJO ATOKV\u0116PIO NAMAI \u2013 PAGALBA IR NEVAR\u017dOMA LAISV\u0116 SUTRIKUSIO INTELEKTO ASMEN\u0172 \u0160EIMOMS<\/strong><\/p>\n<p style=\"text-align: justify;\">Projekto parei\u0161k\u0117jas: Lietuvos sutrikusio intelekto \u017emoni\u0173 globos bendrija \u201eViltis\u201c ( toliau Bendrija \u201eViltis\u201c).<\/p>\n<p>Partneriai: Ne\u012fgali\u0173j\u0173 reikal\u0173 departamentas prie Socialin\u0117s darbo ir apsaugos ministerijos; Landssamt\u00f6kin Throskahjalp &#8211; National association of intellectual disabilities (Islandija).<\/p>\n<p style=\"text-align: justify;\">Projekto pavadinimas: Laikinojo atokv\u0117pio tarnyba \u2013 pagalba ir nevar\u017eoma laisv\u0117 sutrikusio intelekto asmen\u0173 \u0161eimoms.<\/p>\n<p style=\"text-align: justify;\">Esama pad\u0117tis: Bendrija \u201eViltis\u201c vienija vir\u0161 11 t\u016bkst. nari\u0173 (ne\u012fgalieji \u2013 40 proc., t\u0117vai, glob\u0117jai, \u0161eimos nariai \u2013 57 proc., kiti \u2013 3 proc.). Vilniaus mieste n\u0117ra nei vienos laikinojo atokv\u0117pio tarnybos ( toliau \u2013 LAT). Kituose miestuose laikino atokv\u0117pio paslaugas teikia specializuotos ilgalaik\u0117s socialin\u0117s globos \u012fstaigos (psichoneurologiniai pensionatai Pasvalio ir Panev\u0117\u017eio raj.) Laikino atokv\u0117pio tarnybos paslaugos \u2013 tai galimyb\u0117 palikti sutrikusio intelekto asmen\u012f kuriam laikui specialist\u0173 prie\u017ei\u016brai. T\u0117vai ar glob\u0117jai, laikinai negalintys pasir\u016bpinti savo vaiku d\u0117l gyvenimi\u0161k\u0173 prie\u017eas\u010di\u0173 (pvz. susirgus ar gulint ligonin\u0117je, d\u0117l darbo u\u017esienyje, kit\u0173 vaik\u0173 \u0161eimoje prie\u017ei\u016bros ar lankymo sve\u010diose \u0161alyse, \u0161eim\u0105 i\u0161tikus krizei ar pan.), tur\u0117t\u0173 galimyb\u0119 pasinaudoti LAT teikiamomis paslaugomis. 2012-2013m. projekto, finansuoto labdaros fondo \u201cTekantis vanduo\u201d veiklos t\u0119stinumui u\u017etikrinti Bendrija \u201eViltis\u201c organizuos II etap\u0105: per glaud\u0173 bendradarbiavim\u0105 savivaldyb\u0117se sukurti veiklos t\u0119stinumo ekonominius ir teisinius mechanizmus LAT \u012fk\u016brimui. III-me veiklos etape numatome min\u0117t\u0173 tarnyb\u0173 k\u016brim\u0105 ir veiklos t\u0119stinum\u0105 pa\u010di\u0173 savivaldyb\u0117s institucij\u0173 ar organizacij\u0173 iniciatyva.<\/p>\n<p style=\"text-align: justify;\">Paramos sritis: pa\u017eeid\u017eiamos grup\u0117s ir \u017emogaus teis\u0117s.<\/p>\n<p style=\"text-align: justify;\">Projekto tikslas &#8211; inicijuoti Laikinojo Atokv\u0117pio Tarnyb\u0173 steigim\u0105 bendruomen\u0117se bei sustiprinti Vilties administracinius geb\u0117jimus per advokacini\u0173 bei strateginio planavimo geb\u0117jim\u0173 vystym\u0105.<\/p>\n<p style=\"text-align: justify;\">U\u017edaviniai: \u012fsitraukti \u012f asmenis su proto negalia lie\u010dian\u010dios politikos formavimo ir sprendim\u0173 pri\u0117mimo procesus vietiniu bei nacionaliniu lygmenimis; inicijuoti LAT steigimo ir funkcionavimo teisinio reglamentavimo parengim\u0105; Sukurti \u0161iuo metu neteikiam\u0173 bendruomenini\u0173 paslaug\u0173 teikimo mechanizm\u0105 (LAT) savivaldyb\u0117se; sustiprinti \u201eVilt\u012f\u201c per param\u0105 advokacini\u0173 geb\u0117jim\u0173 stiprinimui, apimant advokacijos specialisto \u012ftraukim\u0105 \u012f komand\u0105 bei advokacijos mokymus regionin\u0117ms \u201eVilties\u201c organizacijoms; sustiprinti \u201eVilties\u201c savivald\u0105 per organizacijos nari\u0173 kompetencijos k\u0117lim\u0105 bei strateginio planavimo geb\u0117jim\u0173 vystym\u0105.<\/p>\n<p style=\"text-align: justify;\">Veiklos: advokacijos kampanijos k\u016brimas; gerosios praktikos sukaupimas, bendradarbiaujant su partneriu i\u0161 Islandijos Landssamt\u00f6kin Throskahjalp. LAT paslaug\u0173 apra\u0161o, apiman\u010dio LAT steigimo bei funkcionavimo reglamentavim\u0105, parengimas. Dalyvavimas sprendim\u0173 pri\u0117mimo procese per advokacinius susitikimus su nacionalinio bei savivaldos lygmens politikais bei vietos bendruomen\u0117mis. Spaudos konferencij\u0173 bei lydin\u010dio nu\u0161vietimo \u017einiasklaidoje organizavimas; Advokacijos kampanijos \u017einut\u0117s platinimas vie\u0161osiose erdv\u0117se. Mokym\u0173 potencialiems LAT darbuotojams organizavimas. Advokacijos ir strateginio programin\u0117s veiklos planavimo mokymai \u201eVilties\u201c nariams. Advokacijos specialisto pritraukimas \u012f \u201eVilties\u201c komand\u0105. Teisini\u0173 konsultacij\u0173 teikimas nariams ir \u0161eimoms, auginan\u010dioms proto negali\u0105 turin\u010dius vaikus. Suorganizuoti galutin\u0119 spaudos konferencij\u0105.<\/p>\n<p style=\"text-align: justify;\">Rezultatai: projekto veikla spartins deinstitucionalizacijos proces\u0105. Ma\u017e\u0117s sutrikusio intelekto asmen\u0173 skai\u010dius didel\u0117se socialin\u0117s globos \u012fstaigose; bus u\u017etikrinama galimyb\u0117 gyventi bendruomen\u0117je (JT ne\u012fgali\u0173j\u0173 teisi\u0173 konvencija, 19 str.). Ma\u017e\u0117s socialin\u0117 atskirtis tarp bendruomen\u0117s nari\u0173, ger\u0117s tarpusavio santykiai \u0161eimose. Bus \u012fdiegiama ir apra\u0161oma nauj\u0173 nestacionari\u0173 socialini\u0173 paslaug\u0173 praktika. Did\u0117s darbuotoj\u0173 profesin\u0117 kompetencija. Atsiras nauja galimyb\u0117 nevyriausybinei ne\u012fgali\u0173j\u0173 organizacijai dalyvauti socialini\u0173 paslaug\u0173 rinkoje; stipr\u0117s organizacijos vadybiniai geb\u0117jimai bei organizacijos \u012fvaizdis, teorija bus operatyviai tikrinama praktikoje. Organizacijoje atsiras galimyb\u0117s dirbti naujos kartos profesionalams, dalyvauti nacionaliniuose ir tarptautiniuose forumuose. Specialistams atsiras galimyb\u0117s dirbti ekspertin\u012f darb\u0105 kitose institucijose. \u012eteisinta nauja socialini\u0173 paslaug\u0173 r\u016b\u0161is ir forma &#8211; nestacionari specialioji socialin\u0117s globos ir prie\u017ei\u016bros paslauga sutrikusio intelekto asmenims. Projekto trukm\u0117: 18m\u0117n.<\/p>\n<table class=\"noborder\">\n<tbody>\n<tr>\n<td><strong>Projekto r\u0117m\u0117jas<\/strong><\/td>\n<td><strong>Projekto vykdytojas<\/strong><\/td>\n<td><strong>Projekto partneris<\/strong><\/td>\n<td><strong>Projekto asocijuotas partneris<\/strong><\/td>\n<\/tr>\n<tr>\n<td>\u00a0<a href=\"http:\/\/eeagrants.org\/\"><img loading=\"lazy\" class=\"aligncenter\" src=\"https:\/\/web.archive.org\/web\/20170515211157im_\/http:\/\/www.viltis.lt\/images\/projektai\/LAT\/eeagrants.jpg\" alt=\"\" width=\"79\" height=\"50\" \/><\/a><\/td>\n<td><a href=\"www.viltis.lt\"><img loading=\"lazy\" class=\"aligncenter wp-image-166 size-thumbnail\" src=\"http:\/\/www.viltis.lt\/lt\/_OLD\/wp-content\/uploads\/2016\/07\/VILTIS-logo-auksinis_NAUJAS-150x150.png\" alt=\"\" width=\"150\" height=\"150\" srcset=\"http:\/\/www.viltis.lt\/lt\/_OLD\/wp-content\/uploads\/2016\/07\/VILTIS-logo-auksinis_NAUJAS-150x150.png 150w, http:\/\/www.viltis.lt\/lt\/_OLD\/wp-content\/uploads\/2016\/07\/VILTIS-logo-auksinis_NAUJAS-182x182.png 182w, http:\/\/www.viltis.lt\/lt\/_OLD\/wp-content\/uploads\/2016\/07\/VILTIS-logo-auksinis_NAUJAS-83x83.png 83w, http:\/\/www.viltis.lt\/lt\/_OLD\/wp-content\/uploads\/2016\/07\/VILTIS-logo-auksinis_NAUJAS-184x184.png 184w\" sizes=\"(max-width: 150px) 100vw, 150px\" \/><\/a><\/td>\n<td>\u00a0<a href=\"http:\/\/www.throskahjalp.is\/\"><img loading=\"lazy\" class=\"aligncenter\" src=\"https:\/\/web.archive.org\/web\/20170515211157im_\/http:\/\/www.viltis.lt\/images\/projektai\/LAT\/proskahjalps.jpg\" alt=\"\" width=\"104\" height=\"50\" \/><\/a><\/td>\n<td>\u00a0<a href=\"http:\/\/www.ndt.lt\/\"><img loading=\"lazy\" class=\"aligncenter\" src=\"https:\/\/web.archive.org\/web\/20170515211157im_\/http:\/\/www.viltis.lt\/images\/projektai\/LAT\/neigaliujureikaludepartamentas.jpg\" alt=\"\" width=\"179\" height=\"29\" \/><\/a><\/td>\n<\/tr>\n<\/tbody>\n<\/table>\n<h1><\/h1>\n<p><strong>\u0160iuo metu Lietuvoje LAT, arba trumpalaik\u0117s socialin\u0117s globos, paslaugas teikia:<\/strong><\/p>\n<p><strong>Vilnius<\/strong><\/p>\n<p><strong>B\u012e Valakampi\u0173 socialini\u0173 paslaug\u0173 namuose \u012fsik\u016br\u0119s Trumpalaik\u0117s globos centras<\/strong><br \/>\nAdresas: Kojelavi\u010diaus g. 127, Vilniaus m., Vilniaus m. sav., LT-11106<br \/>\nDaugiau informacijos: \u012fstaigos skyriaus ved\u0117ja Neringa \u017dalien\u0117<br \/>\nTel.: (8 5) 27 77 838, 8 680 40662<br \/>\nEl. p.\u00a0<span id=\"cloak37396\"><a href=\"mailto:savarankiski@valakampiuspn.lt\">savarankiski@valakampiuspn.lt<\/a><\/span><br \/>\nwww.valakampiuspn.lt<\/p>\n<p><strong>Lazdijai<\/strong><\/p>\n<p><strong>V\u0161\u012e Lazdij\u0173 socialinio paslaug\u0173 centras<\/strong><br \/>\nAdresas:G\u0117lyno g. 8, LT-67129 Lazdijai<br \/>\nDaugiau informacijos: Direktor\u0117 Jolanta Macinkien\u0117<br \/>\nTel.: (8318) 51562<\/p>\n<p><strong>V\u0161\u012e Kap\u010diamiestio globos namai<\/strong><br \/>\nAdresas: Vytauto g. 11, Kap\u010diamiestis, Lazdij\u0173 raj.<br \/>\nDaugiau informacijos: direktor\u0117 Lina Janulevi\u010dien\u0117<br \/>\nTel.: (8318) 43126, 8 610 72149<br \/>\nEl. p.\u00a0<span id=\"cloak96291\"><a href=\"mailto:gerumonamai@gmail.com\">gerumonamai@gmail.com<\/a><\/span>www. kapciamiesciogn.lt<\/p>\n<p><strong>Ma\u017eeikiai<\/strong><\/p>\n<p><strong>V\u0161\u012e \u201eVilties erdv\u0117\u201c<\/strong><br \/>\nAdresas: Vilniaus g. 2 A, LT-89217 Ma\u017eeikiai<br \/>\nDaugiau informacijos: direktor\u0117 Stas\u0117 Radeckien\u0117<br \/>\nTel.: (8 443) 55 182<br \/>\nEl. p.\u00a0<span id=\"cloak21343\"><a href=\"mailto:viltieserdve@kli.lt\">viltieserdve@kli.lt<\/a><\/span><br \/>\nwww.viltieserdve.kli.lt<\/p>\n<p><strong>Kretinga<\/strong><\/p>\n<p><strong>Dienos veiklos centro Salant\u0173 padalinys<\/strong><br \/>\nAdresas:S. N\u0117ries g. 13 A, LT &#8211; 97315 Salantai,Kretingos raj.<br \/>\nDaugiau informacijos: direktor\u0117 Birut\u0117 Viskontien\u0117<br \/>\nTel.:\u00a0(8445) 58841, mob. 8 607 81299<br \/>\nEl. p.\u00a0<span id=\"cloak35282\"><a href=\"mailto:dienosveikla@takas.lt\">dienosveikla@takas.lt<\/a><\/span><br \/>\nwww.kretingosneigalieji.lt<\/p>\n<p><strong>Klaip\u0117da<\/strong><\/p>\n<p><strong>B\u012e Klaip\u0117dos sutrikusio vystymosi k\u016bdiki\u0173 namai<\/strong><br \/>\nTiklsin\u0117 grup\u0117 &#8211; nuo 0 iki 12 m.<br \/>\nAdresas: Turist\u0173 g. 18, LT-92281, Klaip\u0117da<br \/>\nDaugiau informacijos: direktor\u0117 Au\u0161ra Nikolajevien\u0117<br \/>\nTel. (8 46) 49 01 90, 8609 91655<br \/>\nEl.\u00a0<span id=\"cloak6890\"><a href=\"mailto:p.ausra.nikolajeviene@kudikeliai.lt\">p.ausra.nikolajeviene@kudikeliai.lt<\/a><\/span>www.kudikeliai.lt<\/p>\n<p class=\"itemTitle\"><strong>LAT besikurian\u010dios<\/strong><\/p>\n<p>\u012egyvendinant projekt\u0105 buvo atrinkta 11 savivaldybi\u0173, turin\u010di\u0173 did\u017eiausi\u0105 potencial\u0105 ir i\u0161rei\u0161kusi\u0173 pageidavim\u0105 steigti LAT. Tai: Vilnius, Trakai, \u0160ilut\u0117, \u0160akiai, Taurag\u0117, Palanga, Radvili\u0161kis, Bir\u017eai, Druskininkai, Utena, Garg\u017edai. Projekto komanda organizavo atvirus susitikimus su \u0161i\u0173 savivaldybi\u0173 ne\u012fgali\u0173j\u0173 artimaisiais, siekdami i\u0161siai\u0161kinti konkre\u010dius poreikius LAT paslaugai gauti, ir su vietos savivaldos atstovais, ie\u0161kodami galimybi\u0173 bendradarbiauti pagal optimaliausi\u0105 konkre\u010diai savivaldybei tinkant\u012f model\u012f.<\/p>\n<p>D\u0117l LAT situacijos pirmiau min\u0117tose savivaldyb\u0117se, pra\u0161ome teirautis Lietuvos sutrikusio intelekto \u017emoni\u0173 globos bendrijos \u201eViltis\u201c padaliniuose:<\/p>\n<p><strong>Vilnius<\/strong><\/p>\n<p>Sutrikusio intelekto \u017emoni\u0173 globos bendrija \u201eVilniaus Viltis\u201c<br \/>\nAtsakingas asmuo Birut\u0117 \u0160apolien\u0117<br \/>\nTel.: 8 652 01358, (8 5) 23 34 705 (darbo)<br \/>\nEl. p.\u00a0<span id=\"cloak46480\"><a href=\"mailto:info@vilniausviltis.lt\">info@vilniausviltis.lt<\/a><\/span><\/p>\n<p><strong>Trakai<\/strong><\/p>\n<p>Sutrikusio intelekto \u017emoni\u0173 globos bendrija \u201eTrak\u0173 Viltis\u201c<br \/>\nAtsakingas asmuo Irena Eik\u0161to<br \/>\nTel.: 8 683 73375. Pra\u0161au skambinkite nurodytu laiku: darbo dienomis nuo 14-20 val.<br \/>\nEl. p.\u00a0<span id=\"cloak20217\"><a href=\"mailto:irenaei@gmail.com\">irenaei@gmail.com<\/a><\/span><\/p>\n<p><strong>\u0160ilut\u0117<\/strong><\/p>\n<p>Sutrikusio intelekto \u017emoni\u0173 globos bendrija \u201e\u0160ilut\u0117s Viltis\u201c<br \/>\nAtsakingas asmuo Egl\u0117 Paulauskien\u0117<br \/>\nTel.: 8 686 71966<br \/>\nEl. p.\u00a0<span id=\"cloak12244\"><a href=\"mailto:silutesviltis@gmail.com\">silutesviltis@gmail.com<\/a><\/span><\/p>\n<p><strong>\u0160akiai<\/strong><\/p>\n<p>Sutrikusio intelekto \u017emoni\u0173 globos bendrija \u201e\u0160aki\u0173 Viltis\u201c<br \/>\nAtsakingas asmuo Roma D\u0117dynien\u0117<br \/>\nTel.: 8 (345) 60750. 8 (345) 6075 tel. 8 (345) 6075<br \/>\nEl. p.\u00a0<span id=\"cloak14493\"><a href=\"mailto:roma.dedyniene@gmail.com\">roma.dedyniene@gmail.com<\/a><\/span><\/p>\n<p><strong>Taurag\u0117<\/strong><\/p>\n<p>Sutrikusio intelekto \u017emoni\u0173 globos bendrija \u201eTaurag\u0117s Viltis\u201c<br \/>\nAtsakingas asmuo Rasa Skerni\u0161kien\u0117<br \/>\nTel.: 8 685 62268<br \/>\nEl. p.\u00a0<span id=\"cloak35114\"><a href=\"mailto:tauragesviltis@info.lt\">tauragesviltis@info.lt<\/a><\/span><\/p>\n<p><strong>Palanga<\/strong><\/p>\n<p>Sutrikusio intelekto \u017emoni\u0173 globos bendrija \u201ePalangos Viltis\u201c<br \/>\nAtsakingas asmuo Laima Lekavi\u010dien\u0117<br \/>\nTel.: 8 687 94207<br \/>\nEl. p.\u00a0<span id=\"cloak31795\"><a href=\"mailto:laima.pastas@gmail.com\">laima.pastas@gmail.com<\/a><\/span><\/p>\n<p><strong>Radvili\u0161kis<\/strong><\/p>\n<p>Sutrikusio intelekto \u017emoni\u0173 globos bendrija \u201eRadvili\u0161kio Viltis\u201c<br \/>\nAtsakingas asmuo Danut\u0117 Janu\u0161auskien\u0117<br \/>\nTel.: (8 422) 61411, 8 620 83248<br \/>\nEl. p.\u00a0<span id=\"cloak8031\"><a href=\"mailto:radviltis@takas.lt\">radviltis@takas.lt<\/a><\/span>,\u00a0<span id=\"cloak29932\"><a href=\"mailto:danute.janusauskiene@gmail.com\">danute.janusauskiene@gmail.com<\/a><\/span><\/p>\n<p><strong>Bir\u017eai<\/strong><\/p>\n<p>Sutrikusio intelekto \u017emoni\u0173 globos bendrija \u201eBir\u017e\u0173 Viltis\u201c<br \/>\nDalia K\u0117\u017eelien\u0117<br \/>\nTel.: 8 685 66805<br \/>\nEl. p.\u00a0<span id=\"cloak4675\"><a href=\"mailto:dalios.pastas@gmail.com\">dalios.pastas@gmail.com<\/a><\/span><\/p>\n<p><strong>Druskininkai<\/strong><\/p>\n<p>Sutrikusio intelekto \u017emoni\u0173 globos bendrija \u201eDruskinink\u0173 Viltis\u201c<br \/>\nAtsakingas asmuo Loreta Sadauskien\u0117<br \/>\nTel.: (8313) 51844, 8 621 76457<br \/>\nEl. p.\u00a0<span id=\"cloak76650\"><a href=\"mailto:drusk.viltis@gmail.com\">drusk.viltis@gmail.com<\/a><\/span><\/p>\n<p><strong>Utena<\/strong><\/p>\n<p>Sutrikusio intelekto \u017emoni\u0173 globos bendrija \u201eUtenos Viltis\u201c<br \/>\nAtsakingas asmuo Aldona V\u0117brien\u0117<br \/>\nTel.: 8 652 41387 (darbo), 8 650 63220<br \/>\nEl. p.\u00a0<span id=\"cloak62263\"><a href=\"mailto:utenosviltis@gmail.com\">utenosviltis@gmail.com<\/a><\/span><\/p>\n<p><strong>Klaip\u0117dos raj. Garg\u017edai<\/strong><\/p>\n<p>Sutrikusio intelekto \u017emoni\u0173 globos bendrija \u201eGarg\u017ed\u0173 viltis\u201c<br \/>\nAtsakingas asmuo Rekvita Bagdonien\u0117<br \/>\nTel.: (8 46) 11555<br \/>\nEl. p.\u00a0<span id=\"cloak58381\"><a href=\"mailto:viltis_gargzdai@yahoo.co.uk\">viltis_gargzdai@yahoo.co.uk<\/a><\/span><\/p>\n<p><strong>Norint ne\u012fgal\u0173j\u012f asmen\u012f patik\u0117ti Laikinojo atokv\u0117pio tarnybos (LAT) specialistams, b\u016btina pateikti \u0161iuos dokumentus:<\/strong><\/p>\n<ul>\n<li>Ne\u012fgaliojo paso kopija;<\/li>\n<li>ne\u012fgalum\u0105 \u012frodantys dokumentai;<\/li>\n<li>ne\u012fgaliojo darbingumo lygio pa\u017eyma;<\/li>\n<li>specialiojo nuolatinio slaugos poreikio nustatymo pa\u017eyma;<\/li>\n<li>\u0161eimos daktaro i\u0161ra\u0161yta pa\u017eyma (A27) apie asmens su negalia sveikatos b\u016bkl\u0119 (apribojim\u0105 b\u016bti kolektyve ir kita reikalinga informacija);<\/li>\n<li>ne\u012fgal\u0173j\u012f globojan\u010dio asmens pra\u0161ymo kopija, \u012frodanti, kad jis yra glob\u0117jas ir jo globotinis neveiksnus.<\/li>\n<\/ul>\n<p>Pagal \u0161iuo metu Vilniuje galiojan\u010di\u0105 tvark\u0105, jei ne\u012fgalusis lanko dienos u\u017eimtumo centr\u0105, \u0161io centro vadovas pateikia gyvenimo s\u0105lyg\u0173 apra\u0161\u0105 ir auk\u0161\u010diau i\u0161vardytus dokumentus Vilniaus miesto socialin\u0117s paramos centrui, kurio darbuotojai asmeni\u0161kai informuoja interesantus apie konkre\u010dius pageidaujamos paslaugos \u012fkainius bei paslaugos teikimo tvark\u0105. Jei nelanko \u2013 tok\u012f apra\u0161\u0105 rengia seni\u016bnija, kurioje registruotas ne\u012fgalusis asmuo.<\/p>\n<p><strong>Daugiau informacijos:<\/strong><\/p>\n<p>Vilniaus miesto socialin\u0117s paramos centras<br \/>\nAdresas: Kauno g. 3\/26, LT-01314 Vilnius<br \/>\nDirektor\u0117 Solveiga Reisgien\u0117<br \/>\nTel.: (8 5) 213 3663, 8 683 80938<br \/>\nTel. \/ faks. (8 ~ 5) 213 3663<br \/>\nEl. p.\u00a0<span id=\"cloak31662\"><a href=\"mailto:info@spcentras.lt\">info@spcentras.lt<\/a><\/span><\/p>\n<p><strong>Da\u017eniausiai u\u017eduodami klausimai:<\/strong><\/p>\n<p><strong>Kas tai yra Laikinojo atokv\u0117pio tarnyba (LAT), jo turinys ir tikslai?<\/strong><\/p>\n<p>Laikinojo atokv\u0117pio tarnyba (LAT), arba trumpalaik\u0117 socialin\u0117 globa, teikia trumpalaikes paslaugas protin\u0119 negali\u0105 turin\u010dio asmens \u0161eimai ar glob\u0117jams, kurie d\u0117l tam tikr\u0173 prie\u017eas\u010di\u0173 (ligos, komandiruot\u0117s, atostog\u0173, mokymosi ar kt.) laikinai ar darbo savait\u0119 negali pri\u017ei\u016br\u0117ti asmen\u0173, kuriems reikalinga nuolatin\u0117 prie\u017ei\u016bra ar globa.<\/p>\n<p>LAT yra \u012fprastos daugelyje Europos ir pasaulio valstybi\u0173. Visa pagalba organizuojama taip, kad asmenys, kuri\u0173 intelektas sutrik\u0119s, gal\u0117t\u0173 gyventi \u0161eimose, t\u0117vams ar glob\u0117jams nereik\u0117t\u0173 ie\u0161koti pagalbos didel\u0117se socialin\u0117s globos institucijose.<\/p>\n<p>Reikalui esant, laikinojo atokv\u0117pio specialistai ateina pad\u0117ti \u0161eimai \u012f namus. Pavyzd\u017eiui, vakarais pri\u017ei\u016bri j\u012f, kol t\u0117vai veda kitus vaikus \u012f b\u016brelius ar ruo\u0161ia su jais pamokas; savaitgaliais, kai \u0161eima nori i\u0161va\u017eiuoti aktyviai pails\u0117ti, o ne\u012fgaliam vaikui tai per sunku, ir pan.<\/p>\n<p><strong>Kod\u0117l reikalinga LAT?<\/strong><\/p>\n<p>Da\u017eniausiai \u0161eimos su meile ir atida r\u016bpinasi ne\u012fgaliaisiais, suteikdami jiems galimyb\u0119 augti ir gyventi su artimais \u017emon\u0117mis, dalyvauti bendruomen\u0117s gyvenime. Ta\u010diau tokioms \u0161eimoms, besir\u016bpinan\u010dioms asmeniu su intelekto negalia, da\u017enai kyla fizini\u0173, emocini\u0173 ir finansini\u0173 problem\u0173, jeigu n\u0117ra suteikiama veiksminga pagalba i\u0161 \u0161alies. Laikinojo atokv\u0117pio tarnyb\u0173 teikiama trumpalaik\u0117s ne\u012fgalaus asmens prie\u017ei\u016bros paslauga padeda pagerinti \u0161eimos tarpusavio santykius ir suteikia galimyb\u0119 \u0161eimoms gyventi kokybi\u0161kesn\u012f pilnaverti\u0161k\u0105 gyvenim\u0105.<\/p>\n<p>Da\u017enas atvejis, kuomet ne\u012fgal\u0173j\u012f asmen\u012f pri\u017ei\u016bri vienas i\u0161 t\u0117v\u0173. Tod\u0117l galimyb\u0117 jam susitvarkyti asmeninius darbo, sveikatos reikalus ar tiesiog retkar\u010diais pails\u0117ti bei atitr\u016bkti nuo kasdien\u0117s rutinos padeda stabilizuoti bendr\u0105 emocin\u012f fon\u0105 namuose.<\/p>\n<p><strong>Kokius dokumentus reikia pristatyti \u0161eimai ar glob\u0117jams, norint protin\u0119 negali\u0105 turint\u012f asmen\u012f patik\u0117ti LAT?<\/strong><\/p>\n<p><a href=\"https:\/\/web.archive.org\/web\/20161229113528\/http:\/\/www.viltis.lt\/veikla\/vykdomieji-projektai-ir-programos\/lat\/lat-tevams-ir-globejams\">Dokumentai<\/a><\/p>\n<p><strong>Koki\u0105 informacij\u0105 ne\u012fgaliojo artimieji privalo prane\u0161ti LAT darbuotojams?<\/strong><\/p>\n<p>LAT darbuotojus b\u016btina informuoti apie ne\u012fgaliojo prie\u017ei\u016bros, medikament\u0173 vartojimo, maitinimo, miego, poilsio, sveikatos sutrikim\u0173 (pavyzd\u017eiui, priepuoli\u0173) ir kitus elgesio ypatumus. Tai pad\u0117s u\u017etikrinti saugi\u0105 asmens su negalia prie\u017ei\u016br\u0105.<\/p>\n<p><strong>Kur teikiama LAT paslauga?<\/strong><\/p>\n<p>LAT paslauga gali b\u016bti teikiama ne\u012fgaliojo namuose arba specialioje tam pritaikytoje \u012fstaigoje. Remiantis u\u017esienio praktika, LAT paslaugoms teikti pasirenkamos patalpos, suteikian\u010dios maksimal\u0173 komfort\u0105 ir nam\u0173 \u201epoj\u016bt\u012f\u201c, taip pat atsi\u017evelgiant \u012f visus saugumo reikalavimus.<\/p>\n","protected":false},"excerpt":{"rendered":"<p>LAIKINOJO ATOKV\u0116PIO NAMAI \u2013 PAGALBA IR NEVAR\u017dOMA LAISV\u0116 SUTRIKUSIO INTELEKTO ASMEN\u0172 \u0160EIMOMS Projekto parei\u0161k\u0117jas: Lietuvos sutrikusio intelekto \u017emoni\u0173 globos bendrija \u201eViltis\u201c ( toliau Bendrija \u201eViltis\u201c). Partneriai: Ne\u012fgali\u0173j\u0173 reikal\u0173 departamentas prie Socialin\u0117s darbo ir apsaugos ministerijos; Landssamt\u00f6kin Throskahjalp &#8211; National association of intellectual disabilities (Islandija). Projekto pavadinimas: Laikinojo atokv\u0117pio tarnyba \u2013 pagalba ir nevar\u017eoma laisv\u0117 sutrikusio [&hellip;]<\/p>\n","protected":false},"author":1,"featured_media":0,"parent":29,"menu_order":0,"comment_status":"closed","ping_status":"closed","template":"","meta":[],"_links":{"self":[{"href":"http:\/\/www.viltis.lt\/lt\/_OLD\/wp-json\/wp\/v2\/pages\/701"}],"collection":[{"href":"http:\/\/www.viltis.lt\/lt\/_OLD\/wp-json\/wp\/v2\/pages"}],"about":[{"href":"http:\/\/www.viltis.lt\/lt\/_OLD\/wp-json\/wp\/v2\/types\/page"}],"author":[{"embeddable":true,"href":"http:\/\/www.viltis.lt\/lt\/_OLD\/wp-json\/wp\/v2\/users\/1"}],"replies":[{"embeddable":true,"href":"http:\/\/www.viltis.lt\/lt\/_OLD\/wp-json\/wp\/v2\/comments?post=701"}],"version-history":[{"count":13,"href":"http:\/\/www.viltis.lt\/lt\/_OLD\/wp-json\/wp\/v2\/pages\/701\/revisions"}],"predecessor-version":[{"id":947,"href":"http:\/\/www.viltis.lt\/lt\/_OLD\/wp-json\/wp\/v2\/pages\/701\/revisions\/947"}],"up":[{"embeddable":true,"href":"http:\/\/www.viltis.lt\/lt\/_OLD\/wp-json\/wp\/v2\/pages\/29"}],"wp:attachment":[{"href":"http:\/\/www.viltis.lt\/lt\/_OLD\/wp-json\/wp\/v2\/media?parent=701"}],"curies":[{"name":"wp","href":"https:\/\/api.w.org\/{rel}","templated":true}]}}